{"id":9729,"date":"2024-11-12T15:59:37","date_gmt":"2024-11-12T20:26:20","guid":{"rendered":"https:\/\/schmidt-handschuhe.com\/?post_type=product&#038;p=9729"},"modified":"2025-12-23T16:20:55","modified_gmt":"2025-12-23T15:20:55","slug":"heater-2-0","status":"publish","type":"product","link":"https:\/\/schmidt-handschuhe.com\/de\/produkt\/heater-2-0","title":{"rendered":"Heater 2.0"},"content":{"rendered":"<p>Heater 2.0 ist ein beheizbarer Reit- und Fahrhandschuh mit 3-stufiger Temperatureinstellung, der bis zu 3 Stunden angenehme W\u00e4rme f\u00fcr die H\u00e4nde spendet. Die Carbonstruktur verteilt die W\u00e4rme gleichm\u00e4\u00dfig. Sie kann bei Bedarf abgeschaltet werden. Kein st\u00f6rendes Kabel, sondern mit integriertem, austauschbarem Hochleistungsakku. Dazu gibt es ein 2 in 1 Ladekabel, mit dem Sie praktisch \u00fcberall laden k\u00f6nnen, entweder an der Steckdose oder mit einem USB-Anschluss. Auch bei arktischen Temperaturen und stundenlangem Aufenthalt im Freien ist dieser Winter-Reit- und Fahrhandschuh immer ein zuverl\u00e4ssiger Partner.     <\/p>\n","protected":false},"excerpt":{"rendered":"<ul>\n<li>3-stufige W\u00e4rmeeinstellung<\/li>\n<li>3 Stunden Batterielaufzeit<\/li>\n<li>Laden via USB<\/li>\n<\/ul>\n","protected":false},"featured_media":9727,"template":"","meta":{"_et_pb_use_builder":"","_et_pb_old_content":"","_et_gb_content_width":""},"product_cat":[96,99],"product_tag":[],"yoast_head":"<!-- This site is optimized with the Yoast SEO plugin v23.2 - https:\/\/yoast.com\/wordpress\/plugins\/seo\/ -->\n<title>Heater 2.0 | haukeschmidt<\/title>\n<meta name=\"robots\" content=\"index, follow, max-snippet:-1, max-image-preview:large, max-video-preview:-1\" \/>\n<link rel=\"canonical\" href=\"https:\/\/schmidt-handschuhe.com\/de\/produkt\/heater-2-0\" \/>\n<meta property=\"og:locale\" content=\"de_DE\" \/>\n<meta property=\"og:type\" content=\"article\" \/>\n<meta property=\"og:title\" content=\"Heater 2.0 | haukeschmidt\" \/>\n<meta property=\"og:description\" content=\"3-stufige W\u00e4rmeeinstellung  3 Stunden Batterielaufzeit  Laden via USB\" \/>\n<meta property=\"og:url\" content=\"https:\/\/schmidt-handschuhe.com\/de\/produkt\/heater-2-0\" \/>\n<meta property=\"og:site_name\" content=\"haukeschmidt\" \/>\n<meta property=\"article:modified_time\" content=\"2025-12-23T15:20:55+00:00\" \/>\n<meta property=\"og:image\" content=\"https:\/\/schmidt-handschuhe.com\/wp-content\/uploads\/2024\/11\/Heater20.jpg\" \/>\n\t<meta property=\"og:image:width\" content=\"905\" \/>\n\t<meta property=\"og:image:height\" content=\"1022\" \/>\n\t<meta property=\"og:image:type\" content=\"image\/jpeg\" \/>\n<meta name=\"twitter:card\" content=\"summary_large_image\" \/>\n<meta name=\"twitter:label1\" content=\"Gesch\u00e4tzte Lesezeit\" \/>\n\t<meta name=\"twitter:data1\" content=\"1\u00a0Minute\" \/>\n<script type=\"application\/ld+json\" class=\"yoast-schema-graph\">{\"@context\":\"https:\/\/schema.org\",\"@graph\":[{\"@type\":\"WebPage\",\"@id\":\"https:\/\/schmidt-handschuhe.com\/de\/produkt\/heater-2-0\",\"url\":\"https:\/\/schmidt-handschuhe.com\/de\/produkt\/heater-2-0\",\"name\":\"Heater 2.0 | haukeschmidt\",\"isPartOf\":{\"@id\":\"https:\/\/schmidt-handschuhe.com\/de#website\"},\"primaryImageOfPage\":{\"@id\":\"https:\/\/schmidt-handschuhe.com\/de\/produkt\/heater-2-0#primaryimage\"},\"image\":{\"@id\":\"https:\/\/schmidt-handschuhe.com\/de\/produkt\/heater-2-0#primaryimage\"},\"thumbnailUrl\":\"https:\/\/schmidt-handschuhe.com\/wp-content\/uploads\/2024\/11\/Heater20.jpg\",\"datePublished\":\"2024-11-12T20:26:20+00:00\",\"dateModified\":\"2025-12-23T15:20:55+00:00\",\"breadcrumb\":{\"@id\":\"https:\/\/schmidt-handschuhe.com\/de\/produkt\/heater-2-0#breadcrumb\"},\"inLanguage\":\"de\",\"potentialAction\":[{\"@type\":\"ReadAction\",\"target\":[\"https:\/\/schmidt-handschuhe.com\/de\/produkt\/heater-2-0\"]}]},{\"@type\":\"ImageObject\",\"inLanguage\":\"de\",\"@id\":\"https:\/\/schmidt-handschuhe.com\/de\/produkt\/heater-2-0#primaryimage\",\"url\":\"https:\/\/schmidt-handschuhe.com\/wp-content\/uploads\/2024\/11\/Heater20.jpg\",\"contentUrl\":\"https:\/\/schmidt-handschuhe.com\/wp-content\/uploads\/2024\/11\/Heater20.jpg\",\"width\":905,\"height\":1022},{\"@type\":\"BreadcrumbList\",\"@id\":\"https:\/\/schmidt-handschuhe.com\/de\/produkt\/heater-2-0#breadcrumb\",\"itemListElement\":[{\"@type\":\"ListItem\",\"position\":1,\"name\":\"Startseite\",\"item\":\"https:\/\/schmidt-handschuhe.com\/de\"},{\"@type\":\"ListItem\",\"position\":2,\"name\":\"Kategorien\",\"item\":\"https:\/\/schmidt-handschuhe.com\/de\/kategorien\"},{\"@type\":\"ListItem\",\"position\":3,\"name\":\"Heater 2.0\"}]},{\"@type\":\"WebSite\",\"@id\":\"https:\/\/schmidt-handschuhe.com\/de#website\",\"url\":\"https:\/\/schmidt-handschuhe.com\/de\",\"name\":\"haukeschmidt\",\"description\":\"Made to be different\",\"publisher\":{\"@id\":\"https:\/\/schmidt-handschuhe.com\/de#organization\"},\"potentialAction\":[{\"@type\":\"SearchAction\",\"target\":{\"@type\":\"EntryPoint\",\"urlTemplate\":\"https:\/\/schmidt-handschuhe.com\/de?s={search_term_string}\"},\"query-input\":\"required name=search_term_string\"}],\"inLanguage\":\"de\"},{\"@type\":\"Organization\",\"@id\":\"https:\/\/schmidt-handschuhe.com\/de#organization\",\"name\":\"haukeschmidt\",\"url\":\"https:\/\/schmidt-handschuhe.com\/de\",\"logo\":{\"@type\":\"ImageObject\",\"inLanguage\":\"de\",\"@id\":\"https:\/\/schmidt-handschuhe.com\/de#\/schema\/logo\/image\/\",\"url\":\"https:\/\/schmidt-handschuhe.com\/wp-content\/uploads\/2021\/12\/haukeschmidt_Logo_komplett.png\",\"contentUrl\":\"https:\/\/schmidt-handschuhe.com\/wp-content\/uploads\/2021\/12\/haukeschmidt_Logo_komplett.png\",\"width\":529,\"height\":99,\"caption\":\"haukeschmidt\"},\"image\":{\"@id\":\"https:\/\/schmidt-handschuhe.com\/de#\/schema\/logo\/image\/\"}}]}<\/script>\n<!-- \/ Yoast SEO plugin. -->","yoast_head_json":{"title":"Heater 2.0 | haukeschmidt","robots":{"index":"index","follow":"follow","max-snippet":"max-snippet:-1","max-image-preview":"max-image-preview:large","max-video-preview":"max-video-preview:-1"},"canonical":"https:\/\/schmidt-handschuhe.com\/de\/produkt\/heater-2-0","og_locale":"de_DE","og_type":"article","og_title":"Heater 2.0 | haukeschmidt","og_description":"3-stufige W\u00e4rmeeinstellung  3 Stunden Batterielaufzeit  Laden via USB","og_url":"https:\/\/schmidt-handschuhe.com\/de\/produkt\/heater-2-0","og_site_name":"haukeschmidt","article_modified_time":"2025-12-23T15:20:55+00:00","og_image":[{"width":905,"height":1022,"url":"https:\/\/schmidt-handschuhe.com\/wp-content\/uploads\/2024\/11\/Heater20.jpg","type":"image\/jpeg"}],"twitter_card":"summary_large_image","twitter_misc":{"Gesch\u00e4tzte Lesezeit":"1\u00a0Minute"},"schema":{"@context":"https:\/\/schema.org","@graph":[{"@type":"WebPage","@id":"https:\/\/schmidt-handschuhe.com\/de\/produkt\/heater-2-0","url":"https:\/\/schmidt-handschuhe.com\/de\/produkt\/heater-2-0","name":"Heater 2.0 | haukeschmidt","isPartOf":{"@id":"https:\/\/schmidt-handschuhe.com\/de#website"},"primaryImageOfPage":{"@id":"https:\/\/schmidt-handschuhe.com\/de\/produkt\/heater-2-0#primaryimage"},"image":{"@id":"https:\/\/schmidt-handschuhe.com\/de\/produkt\/heater-2-0#primaryimage"},"thumbnailUrl":"https:\/\/schmidt-handschuhe.com\/wp-content\/uploads\/2024\/11\/Heater20.jpg","datePublished":"2024-11-12T20:26:20+00:00","dateModified":"2025-12-23T15:20:55+00:00","breadcrumb":{"@id":"https:\/\/schmidt-handschuhe.com\/de\/produkt\/heater-2-0#breadcrumb"},"inLanguage":"de","potentialAction":[{"@type":"ReadAction","target":["https:\/\/schmidt-handschuhe.com\/de\/produkt\/heater-2-0"]}]},{"@type":"ImageObject","inLanguage":"de","@id":"https:\/\/schmidt-handschuhe.com\/de\/produkt\/heater-2-0#primaryimage","url":"https:\/\/schmidt-handschuhe.com\/wp-content\/uploads\/2024\/11\/Heater20.jpg","contentUrl":"https:\/\/schmidt-handschuhe.com\/wp-content\/uploads\/2024\/11\/Heater20.jpg","width":905,"height":1022},{"@type":"BreadcrumbList","@id":"https:\/\/schmidt-handschuhe.com\/de\/produkt\/heater-2-0#breadcrumb","itemListElement":[{"@type":"ListItem","position":1,"name":"Startseite","item":"https:\/\/schmidt-handschuhe.com\/de"},{"@type":"ListItem","position":2,"name":"Kategorien","item":"https:\/\/schmidt-handschuhe.com\/de\/kategorien"},{"@type":"ListItem","position":3,"name":"Heater 2.0"}]},{"@type":"WebSite","@id":"https:\/\/schmidt-handschuhe.com\/de#website","url":"https:\/\/schmidt-handschuhe.com\/de","name":"haukeschmidt","description":"Made to be different","publisher":{"@id":"https:\/\/schmidt-handschuhe.com\/de#organization"},"potentialAction":[{"@type":"SearchAction","target":{"@type":"EntryPoint","urlTemplate":"https:\/\/schmidt-handschuhe.com\/de?s={search_term_string}"},"query-input":"required name=search_term_string"}],"inLanguage":"de"},{"@type":"Organization","@id":"https:\/\/schmidt-handschuhe.com\/de#organization","name":"haukeschmidt","url":"https:\/\/schmidt-handschuhe.com\/de","logo":{"@type":"ImageObject","inLanguage":"de","@id":"https:\/\/schmidt-handschuhe.com\/de#\/schema\/logo\/image\/","url":"https:\/\/schmidt-handschuhe.com\/wp-content\/uploads\/2021\/12\/haukeschmidt_Logo_komplett.png","contentUrl":"https:\/\/schmidt-handschuhe.com\/wp-content\/uploads\/2021\/12\/haukeschmidt_Logo_komplett.png","width":529,"height":99,"caption":"haukeschmidt"},"image":{"@id":"https:\/\/schmidt-handschuhe.com\/de#\/schema\/logo\/image\/"}}]}},"_links":{"self":[{"href":"https:\/\/schmidt-handschuhe.com\/de\/wp-json\/wp\/v2\/product\/9729"}],"collection":[{"href":"https:\/\/schmidt-handschuhe.com\/de\/wp-json\/wp\/v2\/product"}],"about":[{"href":"https:\/\/schmidt-handschuhe.com\/de\/wp-json\/wp\/v2\/types\/product"}],"wp:featuredmedia":[{"embeddable":true,"href":"https:\/\/schmidt-handschuhe.com\/de\/wp-json\/wp\/v2\/media\/9727"}],"wp:attachment":[{"href":"https:\/\/schmidt-handschuhe.com\/de\/wp-json\/wp\/v2\/media?parent=9729"}],"wp:term":[{"taxonomy":"product_cat","embeddable":true,"href":"https:\/\/schmidt-handschuhe.com\/de\/wp-json\/wp\/v2\/product_cat?post=9729"},{"taxonomy":"product_tag","embeddable":true,"href":"https:\/\/schmidt-handschuhe.com\/de\/wp-json\/wp\/v2\/product_tag?post=9729"}],"curies":[{"name":"wp","href":"https:\/\/api.w.org\/{rel}","templated":true}]}}