{"id":723,"date":"2020-09-17T16:53:08","date_gmt":"2020-09-17T16:54:27","guid":{"rendered":"https:\/\/test-kc.de\/product\/forever"},"modified":"2025-09-01T16:24:45","modified_gmt":"2025-09-01T15:24:45","slug":"forever","status":"publish","type":"product","link":"https:\/\/schmidt-handschuhe.com\/de\/produkt\/forever","title":{"rendered":"Forever"},"content":{"rendered":"<p><strong>Widersteht den h\u00e4rtesten Bedingungen!<\/strong><\/p>\n<p>Vom t\u00e4glichen Reiten mehrerer Pferden bis hin zur harten Arbeit im Stall sind diese Handschuhe so konzipiert, dass sie<strong> selbst extremsten Anforderungen standhalten.<\/strong> Das Leder ist mit einer d\u00fcnnen Keramikbeschichtung \u00fcberzogen, dass es<strong> extrem resistent gegen Abreibung<\/strong> macht. Diese Technologie nennt sich Pittards Armor-Tan\u00ae.<\/p>\n<p>Da das Leder so widerstandsf\u00e4hig ist, sind keine Verst\u00e4rkungen n\u00f6tig. Dadurch sind diese Handschuhe <strong>au\u00dfergew\u00f6hnlich weich und flexibel<\/strong>.<\/p>\n<p>Die au\u00dfergew\u00f6hnliche Haltbarkeit des keramikbeschichteten Leders hat jedoch einen Nachteil, der beachtet werden sollte: Das Leder <strong>verf\u00fcgt nicht \u00fcber griffverst\u00e4rkende Eigenschaften<\/strong>. Wenn Sie also an Reithandschuhe mit sehr starkem Griff gew\u00f6hnt sind, ben\u00f6tigen Sie m\u00f6glicherweise etwas Zeit, um sich daran zu gew\u00f6hnen.<\/p>\n","protected":false},"excerpt":{"rendered":"<ul>\n<li>Unser widerstandsf\u00e4higster Handschuh<\/li>\n<li>Keramik beschichtetes Leder in der Innen- und Spantex in der Au\u00dfenhand<\/li>\n<li>Sehr bequem und flexibel, passt auch den gr\u00f6\u00dften H\u00e4nden<\/li>\n<\/ul>\n","protected":false},"featured_media":7206,"template":"","meta":{"_et_pb_use_builder":"","_et_pb_old_content":"","_et_gb_content_width":""},"product_cat":[229,239,98],"product_tag":[],"yoast_head":"<!-- This site is optimized with the Yoast SEO plugin v23.2 - https:\/\/yoast.com\/wordpress\/plugins\/seo\/ -->\n<title>Forever | haukeschmidt<\/title>\n<meta name=\"robots\" content=\"index, follow, max-snippet:-1, max-image-preview:large, max-video-preview:-1\" \/>\n<link rel=\"canonical\" href=\"https:\/\/schmidt-handschuhe.com\/de\/produkt\/forever\" \/>\n<meta property=\"og:locale\" content=\"de_DE\" \/>\n<meta property=\"og:type\" content=\"article\" \/>\n<meta property=\"og:title\" content=\"Forever | haukeschmidt\" \/>\n<meta property=\"og:description\" content=\"Unser widerstandsf\u00e4higster Handschuh  Keramik beschichtetes Leder in der Innen- und Spantex in der Au\u00dfenhand  Sehr bequem und flexibel, passt auch den gr\u00f6\u00dften H\u00e4nden\" \/>\n<meta property=\"og:url\" content=\"https:\/\/schmidt-handschuhe.com\/de\/produkt\/forever\" \/>\n<meta property=\"og:site_name\" content=\"haukeschmidt\" \/>\n<meta property=\"article:modified_time\" content=\"2025-09-01T15:24:45+00:00\" \/>\n<meta property=\"og:image\" content=\"https:\/\/schmidt-handschuhe.com\/wp-content\/uploads\/2020\/09\/Forever-black-new-1.jpg\" \/>\n\t<meta property=\"og:image:width\" content=\"1000\" \/>\n\t<meta property=\"og:image:height\" content=\"1000\" \/>\n\t<meta property=\"og:image:type\" content=\"image\/jpeg\" \/>\n<meta name=\"twitter:card\" content=\"summary_large_image\" \/>\n<meta name=\"twitter:label1\" content=\"Gesch\u00e4tzte Lesezeit\" \/>\n\t<meta name=\"twitter:data1\" content=\"1\u00a0Minute\" \/>\n<script type=\"application\/ld+json\" class=\"yoast-schema-graph\">{\"@context\":\"https:\/\/schema.org\",\"@graph\":[{\"@type\":\"WebPage\",\"@id\":\"https:\/\/schmidt-handschuhe.com\/de\/produkt\/forever\",\"url\":\"https:\/\/schmidt-handschuhe.com\/de\/produkt\/forever\",\"name\":\"Forever | haukeschmidt\",\"isPartOf\":{\"@id\":\"https:\/\/schmidt-handschuhe.com\/de#website\"},\"primaryImageOfPage\":{\"@id\":\"https:\/\/schmidt-handschuhe.com\/de\/produkt\/forever#primaryimage\"},\"image\":{\"@id\":\"https:\/\/schmidt-handschuhe.com\/de\/produkt\/forever#primaryimage\"},\"thumbnailUrl\":\"https:\/\/schmidt-handschuhe.com\/wp-content\/uploads\/2020\/09\/Forever-black-new-1.jpg\",\"datePublished\":\"2020-09-17T16:54:27+00:00\",\"dateModified\":\"2025-09-01T15:24:45+00:00\",\"breadcrumb\":{\"@id\":\"https:\/\/schmidt-handschuhe.com\/de\/produkt\/forever#breadcrumb\"},\"inLanguage\":\"de\",\"potentialAction\":[{\"@type\":\"ReadAction\",\"target\":[\"https:\/\/schmidt-handschuhe.com\/de\/produkt\/forever\"]}]},{\"@type\":\"ImageObject\",\"inLanguage\":\"de\",\"@id\":\"https:\/\/schmidt-handschuhe.com\/de\/produkt\/forever#primaryimage\",\"url\":\"https:\/\/schmidt-handschuhe.com\/wp-content\/uploads\/2020\/09\/Forever-black-new-1.jpg\",\"contentUrl\":\"https:\/\/schmidt-handschuhe.com\/wp-content\/uploads\/2020\/09\/Forever-black-new-1.jpg\",\"width\":1000,\"height\":1000},{\"@type\":\"BreadcrumbList\",\"@id\":\"https:\/\/schmidt-handschuhe.com\/de\/produkt\/forever#breadcrumb\",\"itemListElement\":[{\"@type\":\"ListItem\",\"position\":1,\"name\":\"Startseite\",\"item\":\"https:\/\/schmidt-handschuhe.com\/de\"},{\"@type\":\"ListItem\",\"position\":2,\"name\":\"Kategorien\",\"item\":\"https:\/\/schmidt-handschuhe.com\/de\/kategorien\"},{\"@type\":\"ListItem\",\"position\":3,\"name\":\"Forever\"}]},{\"@type\":\"WebSite\",\"@id\":\"https:\/\/schmidt-handschuhe.com\/de#website\",\"url\":\"https:\/\/schmidt-handschuhe.com\/de\",\"name\":\"haukeschmidt\",\"description\":\"Made to be different\",\"publisher\":{\"@id\":\"https:\/\/schmidt-handschuhe.com\/de#organization\"},\"potentialAction\":[{\"@type\":\"SearchAction\",\"target\":{\"@type\":\"EntryPoint\",\"urlTemplate\":\"https:\/\/schmidt-handschuhe.com\/de?s={search_term_string}\"},\"query-input\":\"required name=search_term_string\"}],\"inLanguage\":\"de\"},{\"@type\":\"Organization\",\"@id\":\"https:\/\/schmidt-handschuhe.com\/de#organization\",\"name\":\"haukeschmidt\",\"url\":\"https:\/\/schmidt-handschuhe.com\/de\",\"logo\":{\"@type\":\"ImageObject\",\"inLanguage\":\"de\",\"@id\":\"https:\/\/schmidt-handschuhe.com\/de#\/schema\/logo\/image\/\",\"url\":\"https:\/\/schmidt-handschuhe.com\/wp-content\/uploads\/2021\/12\/haukeschmidt_Logo_komplett.png\",\"contentUrl\":\"https:\/\/schmidt-handschuhe.com\/wp-content\/uploads\/2021\/12\/haukeschmidt_Logo_komplett.png\",\"width\":529,\"height\":99,\"caption\":\"haukeschmidt\"},\"image\":{\"@id\":\"https:\/\/schmidt-handschuhe.com\/de#\/schema\/logo\/image\/\"}}]}<\/script>\n<!-- \/ Yoast SEO plugin. -->","yoast_head_json":{"title":"Forever | haukeschmidt","robots":{"index":"index","follow":"follow","max-snippet":"max-snippet:-1","max-image-preview":"max-image-preview:large","max-video-preview":"max-video-preview:-1"},"canonical":"https:\/\/schmidt-handschuhe.com\/de\/produkt\/forever","og_locale":"de_DE","og_type":"article","og_title":"Forever | haukeschmidt","og_description":"Unser widerstandsf\u00e4higster Handschuh  Keramik beschichtetes Leder in der Innen- und Spantex in der Au\u00dfenhand  Sehr bequem und flexibel, passt auch den gr\u00f6\u00dften H\u00e4nden","og_url":"https:\/\/schmidt-handschuhe.com\/de\/produkt\/forever","og_site_name":"haukeschmidt","article_modified_time":"2025-09-01T15:24:45+00:00","og_image":[{"width":1000,"height":1000,"url":"https:\/\/schmidt-handschuhe.com\/wp-content\/uploads\/2020\/09\/Forever-black-new-1.jpg","type":"image\/jpeg"}],"twitter_card":"summary_large_image","twitter_misc":{"Gesch\u00e4tzte Lesezeit":"1\u00a0Minute"},"schema":{"@context":"https:\/\/schema.org","@graph":[{"@type":"WebPage","@id":"https:\/\/schmidt-handschuhe.com\/de\/produkt\/forever","url":"https:\/\/schmidt-handschuhe.com\/de\/produkt\/forever","name":"Forever | haukeschmidt","isPartOf":{"@id":"https:\/\/schmidt-handschuhe.com\/de#website"},"primaryImageOfPage":{"@id":"https:\/\/schmidt-handschuhe.com\/de\/produkt\/forever#primaryimage"},"image":{"@id":"https:\/\/schmidt-handschuhe.com\/de\/produkt\/forever#primaryimage"},"thumbnailUrl":"https:\/\/schmidt-handschuhe.com\/wp-content\/uploads\/2020\/09\/Forever-black-new-1.jpg","datePublished":"2020-09-17T16:54:27+00:00","dateModified":"2025-09-01T15:24:45+00:00","breadcrumb":{"@id":"https:\/\/schmidt-handschuhe.com\/de\/produkt\/forever#breadcrumb"},"inLanguage":"de","potentialAction":[{"@type":"ReadAction","target":["https:\/\/schmidt-handschuhe.com\/de\/produkt\/forever"]}]},{"@type":"ImageObject","inLanguage":"de","@id":"https:\/\/schmidt-handschuhe.com\/de\/produkt\/forever#primaryimage","url":"https:\/\/schmidt-handschuhe.com\/wp-content\/uploads\/2020\/09\/Forever-black-new-1.jpg","contentUrl":"https:\/\/schmidt-handschuhe.com\/wp-content\/uploads\/2020\/09\/Forever-black-new-1.jpg","width":1000,"height":1000},{"@type":"BreadcrumbList","@id":"https:\/\/schmidt-handschuhe.com\/de\/produkt\/forever#breadcrumb","itemListElement":[{"@type":"ListItem","position":1,"name":"Startseite","item":"https:\/\/schmidt-handschuhe.com\/de"},{"@type":"ListItem","position":2,"name":"Kategorien","item":"https:\/\/schmidt-handschuhe.com\/de\/kategorien"},{"@type":"ListItem","position":3,"name":"Forever"}]},{"@type":"WebSite","@id":"https:\/\/schmidt-handschuhe.com\/de#website","url":"https:\/\/schmidt-handschuhe.com\/de","name":"haukeschmidt","description":"Made to be different","publisher":{"@id":"https:\/\/schmidt-handschuhe.com\/de#organization"},"potentialAction":[{"@type":"SearchAction","target":{"@type":"EntryPoint","urlTemplate":"https:\/\/schmidt-handschuhe.com\/de?s={search_term_string}"},"query-input":"required name=search_term_string"}],"inLanguage":"de"},{"@type":"Organization","@id":"https:\/\/schmidt-handschuhe.com\/de#organization","name":"haukeschmidt","url":"https:\/\/schmidt-handschuhe.com\/de","logo":{"@type":"ImageObject","inLanguage":"de","@id":"https:\/\/schmidt-handschuhe.com\/de#\/schema\/logo\/image\/","url":"https:\/\/schmidt-handschuhe.com\/wp-content\/uploads\/2021\/12\/haukeschmidt_Logo_komplett.png","contentUrl":"https:\/\/schmidt-handschuhe.com\/wp-content\/uploads\/2021\/12\/haukeschmidt_Logo_komplett.png","width":529,"height":99,"caption":"haukeschmidt"},"image":{"@id":"https:\/\/schmidt-handschuhe.com\/de#\/schema\/logo\/image\/"}}]}},"_links":{"self":[{"href":"https:\/\/schmidt-handschuhe.com\/de\/wp-json\/wp\/v2\/product\/723"}],"collection":[{"href":"https:\/\/schmidt-handschuhe.com\/de\/wp-json\/wp\/v2\/product"}],"about":[{"href":"https:\/\/schmidt-handschuhe.com\/de\/wp-json\/wp\/v2\/types\/product"}],"wp:featuredmedia":[{"embeddable":true,"href":"https:\/\/schmidt-handschuhe.com\/de\/wp-json\/wp\/v2\/media\/7206"}],"wp:attachment":[{"href":"https:\/\/schmidt-handschuhe.com\/de\/wp-json\/wp\/v2\/media?parent=723"}],"wp:term":[{"taxonomy":"product_cat","embeddable":true,"href":"https:\/\/schmidt-handschuhe.com\/de\/wp-json\/wp\/v2\/product_cat?post=723"},{"taxonomy":"product_tag","embeddable":true,"href":"https:\/\/schmidt-handschuhe.com\/de\/wp-json\/wp\/v2\/product_tag?post=723"}],"curies":[{"name":"wp","href":"https:\/\/api.w.org\/{rel}","templated":true}]}}