{"id":1258,"date":"2020-09-17T17:59:31","date_gmt":"2020-09-17T18:01:04","guid":{"rendered":"https:\/\/test-kc.de\/product\/a-touch-of-class-kids"},"modified":"2026-03-18T20:06:05","modified_gmt":"2026-03-18T19:06:05","slug":"a-touch-of-class-kids-2","status":"publish","type":"product","link":"https:\/\/schmidt-handschuhe.com\/de\/produkt\/a-touch-of-class-kids-2","title":{"rendered":"A touch of class kids"},"content":{"rendered":"<p><strong>Der Allrounder f\u00fcr alle Disziplinen!<\/strong><\/p>\n<p>Die A <em>touch of class<\/em>-Handschuhe sind der Traum eines jeden Reiters. Sie haben eine <strong>perfekte Passform und bieten guten Grip<\/strong>. Das Modell besteht aus einem neuen, technischen PU-Material mit hohem Stretch-Anteil. Das Material macht die Handschuhe <strong>atmungsaktiv, langlebig und bequem<\/strong>. Dar\u00fcber hinaus sind diese Handschuhe <strong>maschinenwaschbar<\/strong> und somit auch eine praktische Wahl.<\/p>\n<p>Die Handschuhe sind ideal f\u00fcr alle Disziplinen und verf\u00fcgen \u00fcber ein elegantes Logo am Klettverschluss und Verst\u00e4rkungen im Z\u00fcgelbereich, um Abrieb zu vermeiden.<\/p>\n","protected":false},"excerpt":{"rendered":"<ul>\n<li>Perfekte Passform und toller Grip<\/li>\n<li>Technisches PU Material mit hohem Stretch Anteil<\/li>\n<li>Maschinenwaschbar bei 30\u00b0C<\/li>\n<\/ul>\n","protected":false},"featured_media":62,"template":"","meta":{"_et_pb_use_builder":"off","_et_pb_old_content":"","_et_gb_content_width":""},"product_cat":[97],"product_tag":[],"yoast_head":"<!-- This site is optimized with the Yoast SEO plugin v23.2 - https:\/\/yoast.com\/wordpress\/plugins\/seo\/ -->\n<title>A touch of class kids | haukeschmidt<\/title>\n<meta name=\"robots\" content=\"index, follow, max-snippet:-1, max-image-preview:large, max-video-preview:-1\" \/>\n<link rel=\"canonical\" href=\"https:\/\/schmidt-handschuhe.com\/de\/produkt\/a-touch-of-class-kids-2\" \/>\n<meta property=\"og:locale\" content=\"de_DE\" \/>\n<meta property=\"og:type\" content=\"article\" \/>\n<meta property=\"og:title\" content=\"A touch of class kids | haukeschmidt\" \/>\n<meta property=\"og:description\" content=\"Perfekte Passform und toller Grip  Technisches PU Material mit hohem Stretch Anteil  Maschinenwaschbar bei 30\u00b0C\" \/>\n<meta property=\"og:url\" content=\"https:\/\/schmidt-handschuhe.com\/de\/produkt\/a-touch-of-class-kids-2\" \/>\n<meta property=\"og:site_name\" content=\"haukeschmidt\" \/>\n<meta property=\"article:modified_time\" content=\"2026-03-18T19:06:05+00:00\" \/>\n<meta property=\"og:image\" content=\"https:\/\/schmidt-handschuhe.com\/wp-content\/uploads\/2020\/09\/a-touch-of-class-navy-new-scaled.jpg\" \/>\n\t<meta property=\"og:image:width\" content=\"2560\" \/>\n\t<meta property=\"og:image:height\" content=\"2560\" \/>\n\t<meta property=\"og:image:type\" content=\"image\/jpeg\" \/>\n<meta name=\"twitter:card\" content=\"summary_large_image\" \/>\n<script type=\"application\/ld+json\" class=\"yoast-schema-graph\">{\"@context\":\"https:\/\/schema.org\",\"@graph\":[{\"@type\":\"WebPage\",\"@id\":\"https:\/\/schmidt-handschuhe.com\/de\/produkt\/a-touch-of-class-kids-2\",\"url\":\"https:\/\/schmidt-handschuhe.com\/de\/produkt\/a-touch-of-class-kids-2\",\"name\":\"A touch of class kids | haukeschmidt\",\"isPartOf\":{\"@id\":\"https:\/\/schmidt-handschuhe.com\/de#website\"},\"primaryImageOfPage\":{\"@id\":\"https:\/\/schmidt-handschuhe.com\/de\/produkt\/a-touch-of-class-kids-2#primaryimage\"},\"image\":{\"@id\":\"https:\/\/schmidt-handschuhe.com\/de\/produkt\/a-touch-of-class-kids-2#primaryimage\"},\"thumbnailUrl\":\"https:\/\/schmidt-handschuhe.com\/wp-content\/uploads\/2020\/09\/a-touch-of-class-navy-new-scaled.jpg\",\"datePublished\":\"2020-09-17T18:01:04+00:00\",\"dateModified\":\"2026-03-18T19:06:05+00:00\",\"breadcrumb\":{\"@id\":\"https:\/\/schmidt-handschuhe.com\/de\/produkt\/a-touch-of-class-kids-2#breadcrumb\"},\"inLanguage\":\"de\",\"potentialAction\":[{\"@type\":\"ReadAction\",\"target\":[\"https:\/\/schmidt-handschuhe.com\/de\/produkt\/a-touch-of-class-kids-2\"]}]},{\"@type\":\"ImageObject\",\"inLanguage\":\"de\",\"@id\":\"https:\/\/schmidt-handschuhe.com\/de\/produkt\/a-touch-of-class-kids-2#primaryimage\",\"url\":\"https:\/\/schmidt-handschuhe.com\/wp-content\/uploads\/2020\/09\/a-touch-of-class-navy-new-scaled.jpg\",\"contentUrl\":\"https:\/\/schmidt-handschuhe.com\/wp-content\/uploads\/2020\/09\/a-touch-of-class-navy-new-scaled.jpg\",\"width\":2560,\"height\":2560},{\"@type\":\"BreadcrumbList\",\"@id\":\"https:\/\/schmidt-handschuhe.com\/de\/produkt\/a-touch-of-class-kids-2#breadcrumb\",\"itemListElement\":[{\"@type\":\"ListItem\",\"position\":1,\"name\":\"Startseite\",\"item\":\"https:\/\/schmidt-handschuhe.com\/de\"},{\"@type\":\"ListItem\",\"position\":2,\"name\":\"Kategorien\",\"item\":\"https:\/\/schmidt-handschuhe.com\/de\/kategorien\"},{\"@type\":\"ListItem\",\"position\":3,\"name\":\"A touch of class kids\"}]},{\"@type\":\"WebSite\",\"@id\":\"https:\/\/schmidt-handschuhe.com\/de#website\",\"url\":\"https:\/\/schmidt-handschuhe.com\/de\",\"name\":\"haukeschmidt\",\"description\":\"Made to be different\",\"publisher\":{\"@id\":\"https:\/\/schmidt-handschuhe.com\/de#organization\"},\"potentialAction\":[{\"@type\":\"SearchAction\",\"target\":{\"@type\":\"EntryPoint\",\"urlTemplate\":\"https:\/\/schmidt-handschuhe.com\/de?s={search_term_string}\"},\"query-input\":\"required name=search_term_string\"}],\"inLanguage\":\"de\"},{\"@type\":\"Organization\",\"@id\":\"https:\/\/schmidt-handschuhe.com\/de#organization\",\"name\":\"haukeschmidt\",\"url\":\"https:\/\/schmidt-handschuhe.com\/de\",\"logo\":{\"@type\":\"ImageObject\",\"inLanguage\":\"de\",\"@id\":\"https:\/\/schmidt-handschuhe.com\/de#\/schema\/logo\/image\/\",\"url\":\"https:\/\/schmidt-handschuhe.com\/wp-content\/uploads\/2021\/12\/haukeschmidt_Logo_komplett.png\",\"contentUrl\":\"https:\/\/schmidt-handschuhe.com\/wp-content\/uploads\/2021\/12\/haukeschmidt_Logo_komplett.png\",\"width\":529,\"height\":99,\"caption\":\"haukeschmidt\"},\"image\":{\"@id\":\"https:\/\/schmidt-handschuhe.com\/de#\/schema\/logo\/image\/\"}}]}<\/script>\n<!-- \/ Yoast SEO plugin. -->","yoast_head_json":{"title":"A touch of class kids | haukeschmidt","robots":{"index":"index","follow":"follow","max-snippet":"max-snippet:-1","max-image-preview":"max-image-preview:large","max-video-preview":"max-video-preview:-1"},"canonical":"https:\/\/schmidt-handschuhe.com\/de\/produkt\/a-touch-of-class-kids-2","og_locale":"de_DE","og_type":"article","og_title":"A touch of class kids | haukeschmidt","og_description":"Perfekte Passform und toller Grip  Technisches PU Material mit hohem Stretch Anteil  Maschinenwaschbar bei 30\u00b0C","og_url":"https:\/\/schmidt-handschuhe.com\/de\/produkt\/a-touch-of-class-kids-2","og_site_name":"haukeschmidt","article_modified_time":"2026-03-18T19:06:05+00:00","og_image":[{"width":2560,"height":2560,"url":"https:\/\/schmidt-handschuhe.com\/wp-content\/uploads\/2020\/09\/a-touch-of-class-navy-new-scaled.jpg","type":"image\/jpeg"}],"twitter_card":"summary_large_image","schema":{"@context":"https:\/\/schema.org","@graph":[{"@type":"WebPage","@id":"https:\/\/schmidt-handschuhe.com\/de\/produkt\/a-touch-of-class-kids-2","url":"https:\/\/schmidt-handschuhe.com\/de\/produkt\/a-touch-of-class-kids-2","name":"A touch of class kids | haukeschmidt","isPartOf":{"@id":"https:\/\/schmidt-handschuhe.com\/de#website"},"primaryImageOfPage":{"@id":"https:\/\/schmidt-handschuhe.com\/de\/produkt\/a-touch-of-class-kids-2#primaryimage"},"image":{"@id":"https:\/\/schmidt-handschuhe.com\/de\/produkt\/a-touch-of-class-kids-2#primaryimage"},"thumbnailUrl":"https:\/\/schmidt-handschuhe.com\/wp-content\/uploads\/2020\/09\/a-touch-of-class-navy-new-scaled.jpg","datePublished":"2020-09-17T18:01:04+00:00","dateModified":"2026-03-18T19:06:05+00:00","breadcrumb":{"@id":"https:\/\/schmidt-handschuhe.com\/de\/produkt\/a-touch-of-class-kids-2#breadcrumb"},"inLanguage":"de","potentialAction":[{"@type":"ReadAction","target":["https:\/\/schmidt-handschuhe.com\/de\/produkt\/a-touch-of-class-kids-2"]}]},{"@type":"ImageObject","inLanguage":"de","@id":"https:\/\/schmidt-handschuhe.com\/de\/produkt\/a-touch-of-class-kids-2#primaryimage","url":"https:\/\/schmidt-handschuhe.com\/wp-content\/uploads\/2020\/09\/a-touch-of-class-navy-new-scaled.jpg","contentUrl":"https:\/\/schmidt-handschuhe.com\/wp-content\/uploads\/2020\/09\/a-touch-of-class-navy-new-scaled.jpg","width":2560,"height":2560},{"@type":"BreadcrumbList","@id":"https:\/\/schmidt-handschuhe.com\/de\/produkt\/a-touch-of-class-kids-2#breadcrumb","itemListElement":[{"@type":"ListItem","position":1,"name":"Startseite","item":"https:\/\/schmidt-handschuhe.com\/de"},{"@type":"ListItem","position":2,"name":"Kategorien","item":"https:\/\/schmidt-handschuhe.com\/de\/kategorien"},{"@type":"ListItem","position":3,"name":"A touch of class kids"}]},{"@type":"WebSite","@id":"https:\/\/schmidt-handschuhe.com\/de#website","url":"https:\/\/schmidt-handschuhe.com\/de","name":"haukeschmidt","description":"Made to be different","publisher":{"@id":"https:\/\/schmidt-handschuhe.com\/de#organization"},"potentialAction":[{"@type":"SearchAction","target":{"@type":"EntryPoint","urlTemplate":"https:\/\/schmidt-handschuhe.com\/de?s={search_term_string}"},"query-input":"required name=search_term_string"}],"inLanguage":"de"},{"@type":"Organization","@id":"https:\/\/schmidt-handschuhe.com\/de#organization","name":"haukeschmidt","url":"https:\/\/schmidt-handschuhe.com\/de","logo":{"@type":"ImageObject","inLanguage":"de","@id":"https:\/\/schmidt-handschuhe.com\/de#\/schema\/logo\/image\/","url":"https:\/\/schmidt-handschuhe.com\/wp-content\/uploads\/2021\/12\/haukeschmidt_Logo_komplett.png","contentUrl":"https:\/\/schmidt-handschuhe.com\/wp-content\/uploads\/2021\/12\/haukeschmidt_Logo_komplett.png","width":529,"height":99,"caption":"haukeschmidt"},"image":{"@id":"https:\/\/schmidt-handschuhe.com\/de#\/schema\/logo\/image\/"}}]}},"_links":{"self":[{"href":"https:\/\/schmidt-handschuhe.com\/de\/wp-json\/wp\/v2\/product\/1258"}],"collection":[{"href":"https:\/\/schmidt-handschuhe.com\/de\/wp-json\/wp\/v2\/product"}],"about":[{"href":"https:\/\/schmidt-handschuhe.com\/de\/wp-json\/wp\/v2\/types\/product"}],"wp:featuredmedia":[{"embeddable":true,"href":"https:\/\/schmidt-handschuhe.com\/de\/wp-json\/wp\/v2\/media\/62"}],"wp:attachment":[{"href":"https:\/\/schmidt-handschuhe.com\/de\/wp-json\/wp\/v2\/media?parent=1258"}],"wp:term":[{"taxonomy":"product_cat","embeddable":true,"href":"https:\/\/schmidt-handschuhe.com\/de\/wp-json\/wp\/v2\/product_cat?post=1258"},{"taxonomy":"product_tag","embeddable":true,"href":"https:\/\/schmidt-handschuhe.com\/de\/wp-json\/wp\/v2\/product_tag?post=1258"}],"curies":[{"name":"wp","href":"https:\/\/api.w.org\/{rel}","templated":true}]}}