{"id":10587,"date":"2026-03-05T20:48:31","date_gmt":"2026-03-05T19:51:44","guid":{"rendered":"https:\/\/schmidt-handschuhe.com\/product\/greenland"},"modified":"2026-03-05T20:51:44","modified_gmt":"2026-03-05T19:51:44","slug":"greenland","status":"publish","type":"product","link":"https:\/\/schmidt-handschuhe.com\/de\/produkt\/greenland","title":{"rendered":"Greenland"},"content":{"rendered":"<p><strong>Reithandschuhe aus CoolCore\u00ae-Fleece<\/strong><\/p>\n<p>Funktionelle Reithandschuhe aus CoolCore\u00ae-Fleece f\u00fcr trockene, angenehm warme H\u00e4nde im Stall und im Sattel. Das Material reguliert Feuchtigkeit, reduziert das Ausk\u00fchlen nach der Belastung und bleibt dabei leicht und atmungsaktiv.<br \/>\n\u2022 Warm &amp; schnell trocknend<br \/>\n\u2022 Optimales Feuchtigkeitsmanagement<br \/>\n\u2022 Weich, leicht &amp; komfortabel<br \/>\n\u2022 Ideal f\u00fcr Winter &amp; \u00dcbergangszeit<\/p>\n","protected":false},"excerpt":{"rendered":"<p>\u2022 Warm &amp; schnell trocknend<br \/>\n\u2022 Optimales Feuchtigkeitsmanagement<br \/>\n\u2022 Weich, leicht &amp; komfortabel<br \/>\n\u2022 Ideal f\u00fcr Winter &amp; \u00dcbergangszeit<\/p>\n","protected":false},"featured_media":10586,"template":"","meta":{"_et_pb_use_builder":"","_et_pb_old_content":"","_et_gb_content_width":""},"product_cat":[99,98],"product_tag":[],"yoast_head":"<!-- This site is optimized with the Yoast SEO plugin v23.2 - https:\/\/yoast.com\/wordpress\/plugins\/seo\/ -->\n<title>Greenland | haukeschmidt<\/title>\n<meta name=\"robots\" content=\"index, follow, max-snippet:-1, max-image-preview:large, max-video-preview:-1\" \/>\n<link rel=\"canonical\" href=\"https:\/\/schmidt-handschuhe.com\/de\/produkt\/greenland\" \/>\n<meta property=\"og:locale\" content=\"de_DE\" \/>\n<meta property=\"og:type\" content=\"article\" \/>\n<meta property=\"og:title\" content=\"Greenland | haukeschmidt\" \/>\n<meta property=\"og:description\" content=\"\u2022 Warm &amp; schnell trocknend \u2022 Optimales Feuchtigkeitsmanagement \u2022 Weich, leicht &amp; komfortabel \u2022 Ideal f\u00fcr Winter &amp; \u00dcbergangszeit\" \/>\n<meta property=\"og:url\" content=\"https:\/\/schmidt-handschuhe.com\/de\/produkt\/greenland\" \/>\n<meta property=\"og:site_name\" content=\"haukeschmidt\" \/>\n<meta property=\"og:image\" content=\"https:\/\/schmidt-handschuhe.com\/wp-content\/uploads\/2026\/03\/Greenland-Produktbild-freigestellt.png\" \/>\n\t<meta property=\"og:image:width\" content=\"1184\" \/>\n\t<meta property=\"og:image:height\" content=\"864\" \/>\n\t<meta property=\"og:image:type\" content=\"image\/png\" \/>\n<meta name=\"twitter:card\" content=\"summary_large_image\" \/>\n<script type=\"application\/ld+json\" class=\"yoast-schema-graph\">{\"@context\":\"https:\/\/schema.org\",\"@graph\":[{\"@type\":\"WebPage\",\"@id\":\"https:\/\/schmidt-handschuhe.com\/de\/produkt\/greenland\",\"url\":\"https:\/\/schmidt-handschuhe.com\/de\/produkt\/greenland\",\"name\":\"Greenland | haukeschmidt\",\"isPartOf\":{\"@id\":\"https:\/\/schmidt-handschuhe.com\/de#website\"},\"primaryImageOfPage\":{\"@id\":\"https:\/\/schmidt-handschuhe.com\/de\/produkt\/greenland#primaryimage\"},\"image\":{\"@id\":\"https:\/\/schmidt-handschuhe.com\/de\/produkt\/greenland#primaryimage\"},\"thumbnailUrl\":\"https:\/\/schmidt-handschuhe.com\/wp-content\/uploads\/2026\/03\/Greenland-Produktbild-freigestellt.png\",\"datePublished\":\"2026-03-05T19:51:44+00:00\",\"dateModified\":\"2026-03-05T19:51:44+00:00\",\"breadcrumb\":{\"@id\":\"https:\/\/schmidt-handschuhe.com\/de\/produkt\/greenland#breadcrumb\"},\"inLanguage\":\"de\",\"potentialAction\":[{\"@type\":\"ReadAction\",\"target\":[\"https:\/\/schmidt-handschuhe.com\/de\/produkt\/greenland\"]}]},{\"@type\":\"ImageObject\",\"inLanguage\":\"de\",\"@id\":\"https:\/\/schmidt-handschuhe.com\/de\/produkt\/greenland#primaryimage\",\"url\":\"https:\/\/schmidt-handschuhe.com\/wp-content\/uploads\/2026\/03\/Greenland-Produktbild-freigestellt.png\",\"contentUrl\":\"https:\/\/schmidt-handschuhe.com\/wp-content\/uploads\/2026\/03\/Greenland-Produktbild-freigestellt.png\",\"width\":1184,\"height\":864},{\"@type\":\"BreadcrumbList\",\"@id\":\"https:\/\/schmidt-handschuhe.com\/de\/produkt\/greenland#breadcrumb\",\"itemListElement\":[{\"@type\":\"ListItem\",\"position\":1,\"name\":\"Startseite\",\"item\":\"https:\/\/schmidt-handschuhe.com\/de\"},{\"@type\":\"ListItem\",\"position\":2,\"name\":\"Kategorien\",\"item\":\"https:\/\/schmidt-handschuhe.com\/de\/kategorien\"},{\"@type\":\"ListItem\",\"position\":3,\"name\":\"Greenland\"}]},{\"@type\":\"WebSite\",\"@id\":\"https:\/\/schmidt-handschuhe.com\/de#website\",\"url\":\"https:\/\/schmidt-handschuhe.com\/de\",\"name\":\"haukeschmidt\",\"description\":\"Made to be different\",\"publisher\":{\"@id\":\"https:\/\/schmidt-handschuhe.com\/de#organization\"},\"potentialAction\":[{\"@type\":\"SearchAction\",\"target\":{\"@type\":\"EntryPoint\",\"urlTemplate\":\"https:\/\/schmidt-handschuhe.com\/de?s={search_term_string}\"},\"query-input\":\"required name=search_term_string\"}],\"inLanguage\":\"de\"},{\"@type\":\"Organization\",\"@id\":\"https:\/\/schmidt-handschuhe.com\/de#organization\",\"name\":\"haukeschmidt\",\"url\":\"https:\/\/schmidt-handschuhe.com\/de\",\"logo\":{\"@type\":\"ImageObject\",\"inLanguage\":\"de\",\"@id\":\"https:\/\/schmidt-handschuhe.com\/de#\/schema\/logo\/image\/\",\"url\":\"https:\/\/schmidt-handschuhe.com\/wp-content\/uploads\/2021\/12\/haukeschmidt_Logo_komplett.png\",\"contentUrl\":\"https:\/\/schmidt-handschuhe.com\/wp-content\/uploads\/2021\/12\/haukeschmidt_Logo_komplett.png\",\"width\":529,\"height\":99,\"caption\":\"haukeschmidt\"},\"image\":{\"@id\":\"https:\/\/schmidt-handschuhe.com\/de#\/schema\/logo\/image\/\"}}]}<\/script>\n<!-- \/ Yoast SEO plugin. -->","yoast_head_json":{"title":"Greenland | haukeschmidt","robots":{"index":"index","follow":"follow","max-snippet":"max-snippet:-1","max-image-preview":"max-image-preview:large","max-video-preview":"max-video-preview:-1"},"canonical":"https:\/\/schmidt-handschuhe.com\/de\/produkt\/greenland","og_locale":"de_DE","og_type":"article","og_title":"Greenland | haukeschmidt","og_description":"\u2022 Warm &amp; schnell trocknend \u2022 Optimales Feuchtigkeitsmanagement \u2022 Weich, leicht &amp; komfortabel \u2022 Ideal f\u00fcr Winter &amp; \u00dcbergangszeit","og_url":"https:\/\/schmidt-handschuhe.com\/de\/produkt\/greenland","og_site_name":"haukeschmidt","og_image":[{"width":1184,"height":864,"url":"https:\/\/schmidt-handschuhe.com\/wp-content\/uploads\/2026\/03\/Greenland-Produktbild-freigestellt.png","type":"image\/png"}],"twitter_card":"summary_large_image","schema":{"@context":"https:\/\/schema.org","@graph":[{"@type":"WebPage","@id":"https:\/\/schmidt-handschuhe.com\/de\/produkt\/greenland","url":"https:\/\/schmidt-handschuhe.com\/de\/produkt\/greenland","name":"Greenland | haukeschmidt","isPartOf":{"@id":"https:\/\/schmidt-handschuhe.com\/de#website"},"primaryImageOfPage":{"@id":"https:\/\/schmidt-handschuhe.com\/de\/produkt\/greenland#primaryimage"},"image":{"@id":"https:\/\/schmidt-handschuhe.com\/de\/produkt\/greenland#primaryimage"},"thumbnailUrl":"https:\/\/schmidt-handschuhe.com\/wp-content\/uploads\/2026\/03\/Greenland-Produktbild-freigestellt.png","datePublished":"2026-03-05T19:51:44+00:00","dateModified":"2026-03-05T19:51:44+00:00","breadcrumb":{"@id":"https:\/\/schmidt-handschuhe.com\/de\/produkt\/greenland#breadcrumb"},"inLanguage":"de","potentialAction":[{"@type":"ReadAction","target":["https:\/\/schmidt-handschuhe.com\/de\/produkt\/greenland"]}]},{"@type":"ImageObject","inLanguage":"de","@id":"https:\/\/schmidt-handschuhe.com\/de\/produkt\/greenland#primaryimage","url":"https:\/\/schmidt-handschuhe.com\/wp-content\/uploads\/2026\/03\/Greenland-Produktbild-freigestellt.png","contentUrl":"https:\/\/schmidt-handschuhe.com\/wp-content\/uploads\/2026\/03\/Greenland-Produktbild-freigestellt.png","width":1184,"height":864},{"@type":"BreadcrumbList","@id":"https:\/\/schmidt-handschuhe.com\/de\/produkt\/greenland#breadcrumb","itemListElement":[{"@type":"ListItem","position":1,"name":"Startseite","item":"https:\/\/schmidt-handschuhe.com\/de"},{"@type":"ListItem","position":2,"name":"Kategorien","item":"https:\/\/schmidt-handschuhe.com\/de\/kategorien"},{"@type":"ListItem","position":3,"name":"Greenland"}]},{"@type":"WebSite","@id":"https:\/\/schmidt-handschuhe.com\/de#website","url":"https:\/\/schmidt-handschuhe.com\/de","name":"haukeschmidt","description":"Made to be different","publisher":{"@id":"https:\/\/schmidt-handschuhe.com\/de#organization"},"potentialAction":[{"@type":"SearchAction","target":{"@type":"EntryPoint","urlTemplate":"https:\/\/schmidt-handschuhe.com\/de?s={search_term_string}"},"query-input":"required name=search_term_string"}],"inLanguage":"de"},{"@type":"Organization","@id":"https:\/\/schmidt-handschuhe.com\/de#organization","name":"haukeschmidt","url":"https:\/\/schmidt-handschuhe.com\/de","logo":{"@type":"ImageObject","inLanguage":"de","@id":"https:\/\/schmidt-handschuhe.com\/de#\/schema\/logo\/image\/","url":"https:\/\/schmidt-handschuhe.com\/wp-content\/uploads\/2021\/12\/haukeschmidt_Logo_komplett.png","contentUrl":"https:\/\/schmidt-handschuhe.com\/wp-content\/uploads\/2021\/12\/haukeschmidt_Logo_komplett.png","width":529,"height":99,"caption":"haukeschmidt"},"image":{"@id":"https:\/\/schmidt-handschuhe.com\/de#\/schema\/logo\/image\/"}}]}},"_links":{"self":[{"href":"https:\/\/schmidt-handschuhe.com\/de\/wp-json\/wp\/v2\/product\/10587"}],"collection":[{"href":"https:\/\/schmidt-handschuhe.com\/de\/wp-json\/wp\/v2\/product"}],"about":[{"href":"https:\/\/schmidt-handschuhe.com\/de\/wp-json\/wp\/v2\/types\/product"}],"wp:featuredmedia":[{"embeddable":true,"href":"https:\/\/schmidt-handschuhe.com\/de\/wp-json\/wp\/v2\/media\/10586"}],"wp:attachment":[{"href":"https:\/\/schmidt-handschuhe.com\/de\/wp-json\/wp\/v2\/media?parent=10587"}],"wp:term":[{"taxonomy":"product_cat","embeddable":true,"href":"https:\/\/schmidt-handschuhe.com\/de\/wp-json\/wp\/v2\/product_cat?post=10587"},{"taxonomy":"product_tag","embeddable":true,"href":"https:\/\/schmidt-handschuhe.com\/de\/wp-json\/wp\/v2\/product_tag?post=10587"}],"curies":[{"name":"wp","href":"https:\/\/api.w.org\/{rel}","templated":true}]}}