{"id":1020,"date":"2020-09-17T17:22:20","date_gmt":"2020-09-17T17:23:15","guid":{"rendered":"https:\/\/test-kc.de\/product\/iceland"},"modified":"2025-11-29T00:05:13","modified_gmt":"2025-11-28T23:05:13","slug":"iceland","status":"publish","type":"product","link":"https:\/\/schmidt-handschuhe.com\/de\/produkt\/iceland","title":{"rendered":"Iceland"},"content":{"rendered":"<p><strong>Immer warme H\u00e4nde!<\/strong><\/p>\n<p>Die <em>Iceland<\/em> Handschuhe sind perfekt f\u00fcr einen <strong>angenehmen Sitz und sicheren Grip <\/strong>bei Ritten im Winter. Komplettes Thinsulate-Futter f\u00fcr W\u00e4rme ohne ein klobiges Gef\u00fchl. Au\u00dferdem erh\u00f6hen die B\u00fcndchen um die Handgelenke die Isolationswirkung, wodurch diese Handschuhe <strong>perfekt f\u00fcr sehr kalte Tage oder schnell frierende H\u00e4nde sind<\/strong>.<\/p>\n<p>Sie haben eine <strong>perfekte Passform, bieten guten Grip<\/strong> und bestehen aus einem neuen, technischen PU-Material mit hohem Lycra-Anteil. Dadurch sind sie sind <strong>atmungsaktiv, langlebig und bequem<\/strong>.<\/p>\n<p>Au\u00dferdem sind diese Handschuhe bei 30\u00b0 <strong>maschinenwaschbar<\/strong> und somit auch eine praktische Wahl.<\/p>\n","protected":false},"excerpt":{"rendered":"<ul>\n<li>Warme Winterhandschuhe mit B\u00fcndchen<\/li>\n<li>Guter Grip und Thinsulate\u2122 Futter<\/li>\n<li>Bei 30\u00b0C maschinenwaschbar<\/li>\n<\/ul>\n","protected":false},"featured_media":4926,"template":"","meta":{"_et_pb_use_builder":"","_et_pb_old_content":"","_et_gb_content_width":""},"product_cat":[99,219,221],"product_tag":[],"yoast_head":"<!-- This site is optimized with the Yoast SEO plugin v23.2 - https:\/\/yoast.com\/wordpress\/plugins\/seo\/ -->\n<title>Iceland | haukeschmidt<\/title>\n<meta name=\"robots\" content=\"index, follow, max-snippet:-1, max-image-preview:large, max-video-preview:-1\" \/>\n<link rel=\"canonical\" href=\"https:\/\/schmidt-handschuhe.com\/de\/produkt\/iceland\" \/>\n<meta property=\"og:locale\" content=\"de_DE\" \/>\n<meta property=\"og:type\" content=\"article\" \/>\n<meta property=\"og:title\" content=\"Iceland | haukeschmidt\" \/>\n<meta property=\"og:description\" content=\"Warme Winterhandschuhe mit B\u00fcndchen  Guter Grip und Thinsulate\u2122 Futter  Bei 30\u00b0C maschinenwaschbar\" \/>\n<meta property=\"og:url\" content=\"https:\/\/schmidt-handschuhe.com\/de\/produkt\/iceland\" \/>\n<meta property=\"og:site_name\" content=\"haukeschmidt\" \/>\n<meta property=\"article:modified_time\" content=\"2025-11-28T23:05:13+00:00\" \/>\n<meta property=\"og:image\" content=\"https:\/\/schmidt-handschuhe.com\/wp-content\/uploads\/2021\/01\/Iceland-mocha.jpg\" \/>\n\t<meta property=\"og:image:width\" content=\"2000\" \/>\n\t<meta property=\"og:image:height\" content=\"2000\" \/>\n\t<meta property=\"og:image:type\" content=\"image\/jpeg\" \/>\n<meta name=\"twitter:card\" content=\"summary_large_image\" \/>\n<script type=\"application\/ld+json\" class=\"yoast-schema-graph\">{\"@context\":\"https:\/\/schema.org\",\"@graph\":[{\"@type\":\"WebPage\",\"@id\":\"https:\/\/schmidt-handschuhe.com\/de\/produkt\/iceland\",\"url\":\"https:\/\/schmidt-handschuhe.com\/de\/produkt\/iceland\",\"name\":\"Iceland | haukeschmidt\",\"isPartOf\":{\"@id\":\"https:\/\/schmidt-handschuhe.com\/de#website\"},\"primaryImageOfPage\":{\"@id\":\"https:\/\/schmidt-handschuhe.com\/de\/produkt\/iceland#primaryimage\"},\"image\":{\"@id\":\"https:\/\/schmidt-handschuhe.com\/de\/produkt\/iceland#primaryimage\"},\"thumbnailUrl\":\"https:\/\/schmidt-handschuhe.com\/wp-content\/uploads\/2021\/01\/Iceland-mocha.jpg\",\"datePublished\":\"2020-09-17T17:23:15+00:00\",\"dateModified\":\"2025-11-28T23:05:13+00:00\",\"breadcrumb\":{\"@id\":\"https:\/\/schmidt-handschuhe.com\/de\/produkt\/iceland#breadcrumb\"},\"inLanguage\":\"de\",\"potentialAction\":[{\"@type\":\"ReadAction\",\"target\":[\"https:\/\/schmidt-handschuhe.com\/de\/produkt\/iceland\"]}]},{\"@type\":\"ImageObject\",\"inLanguage\":\"de\",\"@id\":\"https:\/\/schmidt-handschuhe.com\/de\/produkt\/iceland#primaryimage\",\"url\":\"https:\/\/schmidt-handschuhe.com\/wp-content\/uploads\/2021\/01\/Iceland-mocha.jpg\",\"contentUrl\":\"https:\/\/schmidt-handschuhe.com\/wp-content\/uploads\/2021\/01\/Iceland-mocha.jpg\",\"width\":2000,\"height\":2000},{\"@type\":\"BreadcrumbList\",\"@id\":\"https:\/\/schmidt-handschuhe.com\/de\/produkt\/iceland#breadcrumb\",\"itemListElement\":[{\"@type\":\"ListItem\",\"position\":1,\"name\":\"Startseite\",\"item\":\"https:\/\/schmidt-handschuhe.com\/de\"},{\"@type\":\"ListItem\",\"position\":2,\"name\":\"Kategorien\",\"item\":\"https:\/\/schmidt-handschuhe.com\/de\/kategorien\"},{\"@type\":\"ListItem\",\"position\":3,\"name\":\"Iceland\"}]},{\"@type\":\"WebSite\",\"@id\":\"https:\/\/schmidt-handschuhe.com\/de#website\",\"url\":\"https:\/\/schmidt-handschuhe.com\/de\",\"name\":\"haukeschmidt\",\"description\":\"Made to be different\",\"publisher\":{\"@id\":\"https:\/\/schmidt-handschuhe.com\/de#organization\"},\"potentialAction\":[{\"@type\":\"SearchAction\",\"target\":{\"@type\":\"EntryPoint\",\"urlTemplate\":\"https:\/\/schmidt-handschuhe.com\/de?s={search_term_string}\"},\"query-input\":\"required name=search_term_string\"}],\"inLanguage\":\"de\"},{\"@type\":\"Organization\",\"@id\":\"https:\/\/schmidt-handschuhe.com\/de#organization\",\"name\":\"haukeschmidt\",\"url\":\"https:\/\/schmidt-handschuhe.com\/de\",\"logo\":{\"@type\":\"ImageObject\",\"inLanguage\":\"de\",\"@id\":\"https:\/\/schmidt-handschuhe.com\/de#\/schema\/logo\/image\/\",\"url\":\"https:\/\/schmidt-handschuhe.com\/wp-content\/uploads\/2021\/12\/haukeschmidt_Logo_komplett.png\",\"contentUrl\":\"https:\/\/schmidt-handschuhe.com\/wp-content\/uploads\/2021\/12\/haukeschmidt_Logo_komplett.png\",\"width\":529,\"height\":99,\"caption\":\"haukeschmidt\"},\"image\":{\"@id\":\"https:\/\/schmidt-handschuhe.com\/de#\/schema\/logo\/image\/\"}}]}<\/script>\n<!-- \/ Yoast SEO plugin. -->","yoast_head_json":{"title":"Iceland | haukeschmidt","robots":{"index":"index","follow":"follow","max-snippet":"max-snippet:-1","max-image-preview":"max-image-preview:large","max-video-preview":"max-video-preview:-1"},"canonical":"https:\/\/schmidt-handschuhe.com\/de\/produkt\/iceland","og_locale":"de_DE","og_type":"article","og_title":"Iceland | haukeschmidt","og_description":"Warme Winterhandschuhe mit B\u00fcndchen  Guter Grip und Thinsulate\u2122 Futter  Bei 30\u00b0C maschinenwaschbar","og_url":"https:\/\/schmidt-handschuhe.com\/de\/produkt\/iceland","og_site_name":"haukeschmidt","article_modified_time":"2025-11-28T23:05:13+00:00","og_image":[{"width":2000,"height":2000,"url":"https:\/\/schmidt-handschuhe.com\/wp-content\/uploads\/2021\/01\/Iceland-mocha.jpg","type":"image\/jpeg"}],"twitter_card":"summary_large_image","schema":{"@context":"https:\/\/schema.org","@graph":[{"@type":"WebPage","@id":"https:\/\/schmidt-handschuhe.com\/de\/produkt\/iceland","url":"https:\/\/schmidt-handschuhe.com\/de\/produkt\/iceland","name":"Iceland | haukeschmidt","isPartOf":{"@id":"https:\/\/schmidt-handschuhe.com\/de#website"},"primaryImageOfPage":{"@id":"https:\/\/schmidt-handschuhe.com\/de\/produkt\/iceland#primaryimage"},"image":{"@id":"https:\/\/schmidt-handschuhe.com\/de\/produkt\/iceland#primaryimage"},"thumbnailUrl":"https:\/\/schmidt-handschuhe.com\/wp-content\/uploads\/2021\/01\/Iceland-mocha.jpg","datePublished":"2020-09-17T17:23:15+00:00","dateModified":"2025-11-28T23:05:13+00:00","breadcrumb":{"@id":"https:\/\/schmidt-handschuhe.com\/de\/produkt\/iceland#breadcrumb"},"inLanguage":"de","potentialAction":[{"@type":"ReadAction","target":["https:\/\/schmidt-handschuhe.com\/de\/produkt\/iceland"]}]},{"@type":"ImageObject","inLanguage":"de","@id":"https:\/\/schmidt-handschuhe.com\/de\/produkt\/iceland#primaryimage","url":"https:\/\/schmidt-handschuhe.com\/wp-content\/uploads\/2021\/01\/Iceland-mocha.jpg","contentUrl":"https:\/\/schmidt-handschuhe.com\/wp-content\/uploads\/2021\/01\/Iceland-mocha.jpg","width":2000,"height":2000},{"@type":"BreadcrumbList","@id":"https:\/\/schmidt-handschuhe.com\/de\/produkt\/iceland#breadcrumb","itemListElement":[{"@type":"ListItem","position":1,"name":"Startseite","item":"https:\/\/schmidt-handschuhe.com\/de"},{"@type":"ListItem","position":2,"name":"Kategorien","item":"https:\/\/schmidt-handschuhe.com\/de\/kategorien"},{"@type":"ListItem","position":3,"name":"Iceland"}]},{"@type":"WebSite","@id":"https:\/\/schmidt-handschuhe.com\/de#website","url":"https:\/\/schmidt-handschuhe.com\/de","name":"haukeschmidt","description":"Made to be different","publisher":{"@id":"https:\/\/schmidt-handschuhe.com\/de#organization"},"potentialAction":[{"@type":"SearchAction","target":{"@type":"EntryPoint","urlTemplate":"https:\/\/schmidt-handschuhe.com\/de?s={search_term_string}"},"query-input":"required name=search_term_string"}],"inLanguage":"de"},{"@type":"Organization","@id":"https:\/\/schmidt-handschuhe.com\/de#organization","name":"haukeschmidt","url":"https:\/\/schmidt-handschuhe.com\/de","logo":{"@type":"ImageObject","inLanguage":"de","@id":"https:\/\/schmidt-handschuhe.com\/de#\/schema\/logo\/image\/","url":"https:\/\/schmidt-handschuhe.com\/wp-content\/uploads\/2021\/12\/haukeschmidt_Logo_komplett.png","contentUrl":"https:\/\/schmidt-handschuhe.com\/wp-content\/uploads\/2021\/12\/haukeschmidt_Logo_komplett.png","width":529,"height":99,"caption":"haukeschmidt"},"image":{"@id":"https:\/\/schmidt-handschuhe.com\/de#\/schema\/logo\/image\/"}}]}},"_links":{"self":[{"href":"https:\/\/schmidt-handschuhe.com\/de\/wp-json\/wp\/v2\/product\/1020"}],"collection":[{"href":"https:\/\/schmidt-handschuhe.com\/de\/wp-json\/wp\/v2\/product"}],"about":[{"href":"https:\/\/schmidt-handschuhe.com\/de\/wp-json\/wp\/v2\/types\/product"}],"wp:featuredmedia":[{"embeddable":true,"href":"https:\/\/schmidt-handschuhe.com\/de\/wp-json\/wp\/v2\/media\/4926"}],"wp:attachment":[{"href":"https:\/\/schmidt-handschuhe.com\/de\/wp-json\/wp\/v2\/media?parent=1020"}],"wp:term":[{"taxonomy":"product_cat","embeddable":true,"href":"https:\/\/schmidt-handschuhe.com\/de\/wp-json\/wp\/v2\/product_cat?post=1020"},{"taxonomy":"product_tag","embeddable":true,"href":"https:\/\/schmidt-handschuhe.com\/de\/wp-json\/wp\/v2\/product_tag?post=1020"}],"curies":[{"name":"wp","href":"https:\/\/api.w.org\/{rel}","templated":true}]}}