{"id":5621,"date":"2021-01-07T11:54:11","date_gmt":"2021-01-07T11:54:11","guid":{"rendered":"https:\/\/your-gloves.de\/q-riesenbeck"},"modified":"2021-01-07T11:54:14","modified_gmt":"2021-01-07T11:54:14","slug":"q-riesenbeck","status":"publish","type":"page","link":"https:\/\/schmidt-handschuhe.com\/de\/q-riesenbeck","title":{"rendered":"q-riesenbeck"},"content":{"rendered":"<p>[et_pb_section fb_built=&#8220;1&#8243; _builder_version=&#8220;4.7.7&#8243; _module_preset=&#8220;default&#8220; background_color=&#8220;#ffffff&#8220;][et_pb_row _builder_version=&#8220;4.7.7&#8243; _module_preset=&#8220;default&#8220;][et_pb_column type=&#8220;4_4&#8243; _builder_version=&#8220;4.7.7&#8243; _module_preset=&#8220;default&#8220;][et_pb_text _builder_version=&#8220;4.7.7&#8243; _module_preset=&#8220;default&#8220; animation_style=&#8220;fade&#8220; animation_duration=&#8220;1250ms&#8220;]<\/p>\n<h1 style=\"text-align: center;\">Deine Empfehlung<\/h1>\n<p style=\"text-align: center;\">[\/et_pb_text][et_pb_divider color=&#8220;#e1e5ee&#8220; divider_weight=&#8220;2px&#8220; _builder_version=&#8220;4.7.7&#8243; _module_preset=&#8220;default&#8220; width=&#8220;45%&#8220; module_alignment=&#8220;center&#8220; custom_margin=&#8220;-6px||-6px||true|false&#8220; animation_style=&#8220;fade&#8220; animation_duration=&#8220;1250ms&#8220;][\/et_pb_divider][\/et_pb_column][\/et_pb_row][et_pb_row column_structure=&#8220;1_2,1_2&#8243; _builder_version=&#8220;4.7.7&#8243; _module_preset=&#8220;default&#8220;][et_pb_column type=&#8220;1_2&#8243; _builder_version=&#8220;4.7.7&#8243; _module_preset=&#8220;default&#8220;][et_pb_shop type=&#8220;product_category&#8220; posts_number=&#8220;4&#8243; include_categories=&#8220;200&#8243; columns_number=&#8220;1&#8243; icon_hover_color=&#8220;#eb6909&#8243; hover_overlay_color=&#8220;rgba(255,255,255,0.31)&#8220; hover_icon=&#8220;%%52%%&#8220; _builder_version=&#8220;4.7.7&#8243; _module_preset=&#8220;default&#8220; title_font_size=&#8220;25px&#8220; text_orientation=&#8220;left&#8220; width=&#8220;77%&#8220; width_tablet=&#8220;140%&#8220; width_phone=&#8220;180%&#8220; width_last_edited=&#8220;on|tablet&#8220; module_alignment=&#8220;center&#8220; min_height=&#8220;379.2px&#8220; custom_margin=&#8220;||||false|false&#8220; custom_margin_tablet=&#8220;&#8220; custom_margin_phone=&#8220;&#8220; custom_margin_last_edited=&#8220;on|tablet&#8220; custom_padding=&#8220;|0px||0px|false|false&#8220; animation_style=&#8220;fade&#8220; animation_duration=&#8220;1250ms&#8220; hover_enabled=&#8220;0&#8243; sticky_enabled=&#8220;0&#8243;][\/et_pb_shop][\/et_pb_column][et_pb_column type=&#8220;1_2&#8243; _builder_version=&#8220;4.7.7&#8243; _module_preset=&#8220;default&#8220; background_color=&#8220;rgba(0,0,0,0)&#8220; custom_padding=&#8220;||||false|false&#8220;][et_pb_text _builder_version=&#8220;4.7.7&#8243; _module_preset=&#8220;default&#8220; background_color=&#8220;rgba(0,0,0,0)&#8220; custom_margin=&#8220;0px||||false|false&#8220; custom_margin_tablet=&#8220;&#8220; custom_margin_phone=&#8220;-20px||||false|false&#8220; custom_margin_last_edited=&#8220;on|phone&#8220; custom_padding=&#8220;0px|0px|0px|0px|true|true&#8220; animation_style=&#8220;fade&#8220; animation_duration=&#8220;1250ms&#8220; animation_delay=&#8220;500ms&#8220; hover_enabled=&#8220;0&#8243; border_radii=&#8220;on|5px|5px|5px|5px&#8220; border_color_all=&#8220;#e1e5ee&#8220; sticky_enabled=&#8220;0&#8243;]<\/p>\n<h2 style=\"text-align: center;\">Warum wir dir diese Handschuhe empfehlen<\/h2>\n<p style=\"text-align: center;\">Riesenbeck wurde sowohl f\u00fcr Reiter und Fahrer entwickelt. Das Modell hat Verst\u00e4rkungen f\u00fcr beide Sportarten.<\/p>\n<p style=\"text-align: center;\">In der Innenhand hat der Handschuh unser beliebtes <strong>Pittards Oiltac\u2122 Haftleder.<\/strong> Dies garantiert perfekten Grip &#8211; auch bei N\u00e4sse.<br \/> In der Oberhand hat das Modell ein elastisches Spandex Material, dass <strong>Komfort und Flexibilit\u00e4t<\/strong> bietet.<\/p>\n<p>[\/et_pb_text][et_pb_button button_url=&#8220;https:\/\/schmidt-handschuhe.com\/ratgeber?lang=de&#8220; button_text=&#8220;Quiz wiederholen&#8220; button_alignment=&#8220;center&#8220; _builder_version=&#8220;4.7.7&#8243; custom_button=&#8220;on&#8220; button_text_size=&#8220;10px&#8220; button_text_color=&#8220;#ffffff&#8220; button_bg_color=&#8220;#2f3854&#8243; button_border_width=&#8220;10px&#8220; button_border_color=&#8220;rgba(47,56,84,0)&#8220; button_border_radius=&#8220;98px&#8220; button_letter_spacing=&#8220;1px&#8220; button_font=&#8220;Montserrat|700||on|||||&#8220; button_use_icon=&#8220;off&#8220; animation_style=&#8220;fade&#8220; animation_duration=&#8220;1250ms&#8220; animation_delay=&#8220;1050ms&#8220; hover_enabled=&#8220;0&#8243; button_text_color_hover=&#8220;#2f3854&#8243; button_border_radius_hover=&#8220;65px&#8220; button_letter_spacing_hover=&#8220;1px&#8220; button_bg_color_hover=&#8220;rgba(47,56,84,0.1)&#8220; button_text_size__hover_enabled=&#8220;off&#8220; button_one_text_size__hover_enabled=&#8220;off&#8220; button_two_text_size__hover_enabled=&#8220;off&#8220; button_text_color__hover_enabled=&#8220;on|desktop&#8220; button_text_color__hover=&#8220;#2f3854&#8243; button_one_text_color__hover_enabled=&#8220;off&#8220; button_two_text_color__hover_enabled=&#8220;off&#8220; button_border_width__hover_enabled=&#8220;off&#8220; button_one_border_width__hover_enabled=&#8220;off&#8220; button_two_border_width__hover_enabled=&#8220;off&#8220; button_border_color__hover_enabled=&#8220;off&#8220; button_one_border_color__hover_enabled=&#8220;off&#8220; button_two_border_color__hover_enabled=&#8220;off&#8220; button_border_radius__hover_enabled=&#8220;on&#8220; button_border_radius__hover=&#8220;65px&#8220; button_one_border_radius__hover_enabled=&#8220;off&#8220; button_two_border_radius__hover_enabled=&#8220;off&#8220; button_letter_spacing__hover_enabled=&#8220;on&#8220; button_letter_spacing__hover=&#8220;1px&#8220; button_one_letter_spacing__hover_enabled=&#8220;off&#8220; button_two_letter_spacing__hover_enabled=&#8220;off&#8220; button_bg_color__hover_enabled=&#8220;on&#8220; button_bg_color__hover=&#8220;rgba(47,56,84,0.1)&#8220; button_one_bg_color__hover_enabled=&#8220;off&#8220; button_two_bg_color__hover_enabled=&#8220;off&#8220; sticky_enabled=&#8220;0&#8243;][\/et_pb_button][et_pb_text _builder_version=&#8220;4.7.7&#8243; _module_preset=&#8220;default&#8220; custom_padding=&#8220;||0px|||&#8220; animation_style=&#8220;fade&#8220; animation_duration=&#8220;1250ms&#8220;][\/et_pb_text][\/et_pb_column][\/et_pb_row][\/et_pb_section]<\/p>\n","protected":false},"excerpt":{"rendered":"<p>Deine Empfehlung Warum wir dir diese Handschuhe empfehlen Riesenbeck wurde sowohl f\u00fcr Reiter und Fahrer entwickelt. Das Modell hat Verst\u00e4rkungen f\u00fcr beide Sportarten. In der Innenhand hat der Handschuh unser beliebtes Pittards Oiltac\u2122 Haftleder. Dies garantiert perfekten Grip &#8211; auch bei N\u00e4sse. In der Oberhand hat das Modell ein elastisches Spandex Material, dass Komfort und [&hellip;]<\/p>\n","protected":false},"author":1,"featured_media":0,"parent":0,"menu_order":0,"comment_status":"closed","ping_status":"closed","template":"","meta":{"_et_pb_use_builder":"on","_et_pb_old_content":"","_et_gb_content_width":"","footnotes":""},"yoast_head":"<!-- This site is optimized with the Yoast SEO plugin v23.2 - https:\/\/yoast.com\/wordpress\/plugins\/seo\/ -->\n<title>haukeschmidt |<\/title>\n<meta name=\"robots\" content=\"index, follow, max-snippet:-1, max-image-preview:large, max-video-preview:-1\" \/>\n<link rel=\"canonical\" href=\"https:\/\/schmidt-handschuhe.com\/de\/q-riesenbeck\" \/>\n<meta property=\"og:locale\" content=\"de_DE\" \/>\n<meta property=\"og:type\" content=\"article\" \/>\n<meta property=\"og:title\" content=\"haukeschmidt |\" \/>\n<meta property=\"og:description\" content=\"Deine Empfehlung Warum wir dir diese Handschuhe empfehlen Riesenbeck wurde sowohl f\u00fcr Reiter und Fahrer entwickelt. Das Modell hat Verst\u00e4rkungen f\u00fcr beide Sportarten. In der Innenhand hat der Handschuh unser beliebtes Pittards Oiltac\u2122 Haftleder. Dies garantiert perfekten Grip - auch bei N\u00e4sse. In der Oberhand hat das Modell ein elastisches Spandex Material, dass Komfort und [&hellip;]\" \/>\n<meta property=\"og:url\" content=\"https:\/\/schmidt-handschuhe.com\/de\/q-riesenbeck\" \/>\n<meta property=\"og:site_name\" content=\"haukeschmidt\" \/>\n<meta property=\"article:modified_time\" content=\"2021-01-07T11:54:14+00:00\" \/>\n<meta name=\"twitter:card\" content=\"summary_large_image\" \/>\n<meta name=\"twitter:label1\" content=\"Gesch\u00e4tzte Lesezeit\" \/>\n\t<meta name=\"twitter:data1\" content=\"3\u00a0Minuten\" \/>\n<script type=\"application\/ld+json\" class=\"yoast-schema-graph\">{\"@context\":\"https:\/\/schema.org\",\"@graph\":[{\"@type\":\"Article\",\"@id\":\"https:\/\/schmidt-handschuhe.com\/de\/q-riesenbeck#article\",\"isPartOf\":{\"@id\":\"https:\/\/schmidt-handschuhe.com\/de\/q-riesenbeck\"},\"author\":{\"name\":\"knell\",\"@id\":\"https:\/\/schmidt-handschuhe.com\/de#\/schema\/person\/3bc9688442dcd6802f2bad1fac62012c\"},\"headline\":\"q-riesenbeck\",\"datePublished\":\"2021-01-07T11:54:11+00:00\",\"dateModified\":\"2021-01-07T11:54:14+00:00\",\"mainEntityOfPage\":{\"@id\":\"https:\/\/schmidt-handschuhe.com\/de\/q-riesenbeck\"},\"wordCount\":629,\"publisher\":{\"@id\":\"https:\/\/schmidt-handschuhe.com\/de#organization\"},\"inLanguage\":\"de\"},{\"@type\":\"WebPage\",\"@id\":\"https:\/\/schmidt-handschuhe.com\/de\/q-riesenbeck\",\"url\":\"https:\/\/schmidt-handschuhe.com\/de\/q-riesenbeck\",\"name\":\"haukeschmidt |\",\"isPartOf\":{\"@id\":\"https:\/\/schmidt-handschuhe.com\/de#website\"},\"datePublished\":\"2021-01-07T11:54:11+00:00\",\"dateModified\":\"2021-01-07T11:54:14+00:00\",\"breadcrumb\":{\"@id\":\"https:\/\/schmidt-handschuhe.com\/de\/q-riesenbeck#breadcrumb\"},\"inLanguage\":\"de\",\"potentialAction\":[{\"@type\":\"ReadAction\",\"target\":[\"https:\/\/schmidt-handschuhe.com\/de\/q-riesenbeck\"]}]},{\"@type\":\"BreadcrumbList\",\"@id\":\"https:\/\/schmidt-handschuhe.com\/de\/q-riesenbeck#breadcrumb\",\"itemListElement\":[{\"@type\":\"ListItem\",\"position\":1,\"name\":\"Startseite\",\"item\":\"https:\/\/schmidt-handschuhe.com\/de\"},{\"@type\":\"ListItem\",\"position\":2,\"name\":\"q-riesenbeck\"}]},{\"@type\":\"WebSite\",\"@id\":\"https:\/\/schmidt-handschuhe.com\/de#website\",\"url\":\"https:\/\/schmidt-handschuhe.com\/de\",\"name\":\"haukeschmidt\",\"description\":\"Made to be different\",\"publisher\":{\"@id\":\"https:\/\/schmidt-handschuhe.com\/de#organization\"},\"potentialAction\":[{\"@type\":\"SearchAction\",\"target\":{\"@type\":\"EntryPoint\",\"urlTemplate\":\"https:\/\/schmidt-handschuhe.com\/de?s={search_term_string}\"},\"query-input\":\"required name=search_term_string\"}],\"inLanguage\":\"de\"},{\"@type\":\"Organization\",\"@id\":\"https:\/\/schmidt-handschuhe.com\/de#organization\",\"name\":\"haukeschmidt\",\"url\":\"https:\/\/schmidt-handschuhe.com\/de\",\"logo\":{\"@type\":\"ImageObject\",\"inLanguage\":\"de\",\"@id\":\"https:\/\/schmidt-handschuhe.com\/de#\/schema\/logo\/image\/\",\"url\":\"https:\/\/schmidt-handschuhe.com\/wp-content\/uploads\/2021\/12\/haukeschmidt_Logo_komplett.png\",\"contentUrl\":\"https:\/\/schmidt-handschuhe.com\/wp-content\/uploads\/2021\/12\/haukeschmidt_Logo_komplett.png\",\"width\":529,\"height\":99,\"caption\":\"haukeschmidt\"},\"image\":{\"@id\":\"https:\/\/schmidt-handschuhe.com\/de#\/schema\/logo\/image\/\"}},{\"@type\":\"Person\",\"@id\":\"https:\/\/schmidt-handschuhe.com\/de#\/schema\/person\/3bc9688442dcd6802f2bad1fac62012c\",\"name\":\"knell\",\"image\":{\"@type\":\"ImageObject\",\"inLanguage\":\"de\",\"@id\":\"https:\/\/schmidt-handschuhe.com\/de#\/schema\/person\/image\/\",\"url\":\"https:\/\/secure.gravatar.com\/avatar\/1f1f4db6984d5aa2684672026c9d320f?s=96&d=mm&r=g\",\"contentUrl\":\"https:\/\/secure.gravatar.com\/avatar\/1f1f4db6984d5aa2684672026c9d320f?s=96&d=mm&r=g\",\"caption\":\"knell\"},\"sameAs\":[\"https:\/\/schmidt-handschuhe.com\"],\"url\":\"https:\/\/schmidt-handschuhe.com\/de\/author\/knell\"}]}<\/script>\n<!-- \/ Yoast SEO plugin. -->","yoast_head_json":{"title":"haukeschmidt |","robots":{"index":"index","follow":"follow","max-snippet":"max-snippet:-1","max-image-preview":"max-image-preview:large","max-video-preview":"max-video-preview:-1"},"canonical":"https:\/\/schmidt-handschuhe.com\/de\/q-riesenbeck","og_locale":"de_DE","og_type":"article","og_title":"haukeschmidt |","og_description":"Deine Empfehlung Warum wir dir diese Handschuhe empfehlen Riesenbeck wurde sowohl f\u00fcr Reiter und Fahrer entwickelt. Das Modell hat Verst\u00e4rkungen f\u00fcr beide Sportarten. In der Innenhand hat der Handschuh unser beliebtes Pittards Oiltac\u2122 Haftleder. Dies garantiert perfekten Grip - auch bei N\u00e4sse. In der Oberhand hat das Modell ein elastisches Spandex Material, dass Komfort und [&hellip;]","og_url":"https:\/\/schmidt-handschuhe.com\/de\/q-riesenbeck","og_site_name":"haukeschmidt","article_modified_time":"2021-01-07T11:54:14+00:00","twitter_card":"summary_large_image","twitter_misc":{"Gesch\u00e4tzte Lesezeit":"3\u00a0Minuten"},"schema":{"@context":"https:\/\/schema.org","@graph":[{"@type":"Article","@id":"https:\/\/schmidt-handschuhe.com\/de\/q-riesenbeck#article","isPartOf":{"@id":"https:\/\/schmidt-handschuhe.com\/de\/q-riesenbeck"},"author":{"name":"knell","@id":"https:\/\/schmidt-handschuhe.com\/de#\/schema\/person\/3bc9688442dcd6802f2bad1fac62012c"},"headline":"q-riesenbeck","datePublished":"2021-01-07T11:54:11+00:00","dateModified":"2021-01-07T11:54:14+00:00","mainEntityOfPage":{"@id":"https:\/\/schmidt-handschuhe.com\/de\/q-riesenbeck"},"wordCount":629,"publisher":{"@id":"https:\/\/schmidt-handschuhe.com\/de#organization"},"inLanguage":"de"},{"@type":"WebPage","@id":"https:\/\/schmidt-handschuhe.com\/de\/q-riesenbeck","url":"https:\/\/schmidt-handschuhe.com\/de\/q-riesenbeck","name":"haukeschmidt |","isPartOf":{"@id":"https:\/\/schmidt-handschuhe.com\/de#website"},"datePublished":"2021-01-07T11:54:11+00:00","dateModified":"2021-01-07T11:54:14+00:00","breadcrumb":{"@id":"https:\/\/schmidt-handschuhe.com\/de\/q-riesenbeck#breadcrumb"},"inLanguage":"de","potentialAction":[{"@type":"ReadAction","target":["https:\/\/schmidt-handschuhe.com\/de\/q-riesenbeck"]}]},{"@type":"BreadcrumbList","@id":"https:\/\/schmidt-handschuhe.com\/de\/q-riesenbeck#breadcrumb","itemListElement":[{"@type":"ListItem","position":1,"name":"Startseite","item":"https:\/\/schmidt-handschuhe.com\/de"},{"@type":"ListItem","position":2,"name":"q-riesenbeck"}]},{"@type":"WebSite","@id":"https:\/\/schmidt-handschuhe.com\/de#website","url":"https:\/\/schmidt-handschuhe.com\/de","name":"haukeschmidt","description":"Made to be different","publisher":{"@id":"https:\/\/schmidt-handschuhe.com\/de#organization"},"potentialAction":[{"@type":"SearchAction","target":{"@type":"EntryPoint","urlTemplate":"https:\/\/schmidt-handschuhe.com\/de?s={search_term_string}"},"query-input":"required name=search_term_string"}],"inLanguage":"de"},{"@type":"Organization","@id":"https:\/\/schmidt-handschuhe.com\/de#organization","name":"haukeschmidt","url":"https:\/\/schmidt-handschuhe.com\/de","logo":{"@type":"ImageObject","inLanguage":"de","@id":"https:\/\/schmidt-handschuhe.com\/de#\/schema\/logo\/image\/","url":"https:\/\/schmidt-handschuhe.com\/wp-content\/uploads\/2021\/12\/haukeschmidt_Logo_komplett.png","contentUrl":"https:\/\/schmidt-handschuhe.com\/wp-content\/uploads\/2021\/12\/haukeschmidt_Logo_komplett.png","width":529,"height":99,"caption":"haukeschmidt"},"image":{"@id":"https:\/\/schmidt-handschuhe.com\/de#\/schema\/logo\/image\/"}},{"@type":"Person","@id":"https:\/\/schmidt-handschuhe.com\/de#\/schema\/person\/3bc9688442dcd6802f2bad1fac62012c","name":"knell","image":{"@type":"ImageObject","inLanguage":"de","@id":"https:\/\/schmidt-handschuhe.com\/de#\/schema\/person\/image\/","url":"https:\/\/secure.gravatar.com\/avatar\/1f1f4db6984d5aa2684672026c9d320f?s=96&d=mm&r=g","contentUrl":"https:\/\/secure.gravatar.com\/avatar\/1f1f4db6984d5aa2684672026c9d320f?s=96&d=mm&r=g","caption":"knell"},"sameAs":["https:\/\/schmidt-handschuhe.com"],"url":"https:\/\/schmidt-handschuhe.com\/de\/author\/knell"}]}},"_links":{"self":[{"href":"https:\/\/schmidt-handschuhe.com\/de\/wp-json\/wp\/v2\/pages\/5621"}],"collection":[{"href":"https:\/\/schmidt-handschuhe.com\/de\/wp-json\/wp\/v2\/pages"}],"about":[{"href":"https:\/\/schmidt-handschuhe.com\/de\/wp-json\/wp\/v2\/types\/page"}],"author":[{"embeddable":true,"href":"https:\/\/schmidt-handschuhe.com\/de\/wp-json\/wp\/v2\/users\/1"}],"replies":[{"embeddable":true,"href":"https:\/\/schmidt-handschuhe.com\/de\/wp-json\/wp\/v2\/comments?post=5621"}],"version-history":[{"count":0,"href":"https:\/\/schmidt-handschuhe.com\/de\/wp-json\/wp\/v2\/pages\/5621\/revisions"}],"wp:attachment":[{"href":"https:\/\/schmidt-handschuhe.com\/de\/wp-json\/wp\/v2\/media?parent=5621"}],"curies":[{"name":"wp","href":"https:\/\/api.w.org\/{rel}","templated":true}]}}