{"id":5600,"date":"2021-01-07T11:48:47","date_gmt":"2021-01-07T11:48:47","guid":{"rendered":"https:\/\/your-gloves.de\/q-nordic-dream-iceland-polaris"},"modified":"2021-01-07T11:48:51","modified_gmt":"2021-01-07T11:48:51","slug":"q-nordic-dream-iceland-polaris","status":"publish","type":"page","link":"https:\/\/schmidt-handschuhe.com\/de\/q-nordic-dream-iceland-polaris","title":{"rendered":"q-nordic dream-iceland-polaris"},"content":{"rendered":"<p>[et_pb_section fb_built=&#8220;1&#8243; custom_padding_last_edited=&#8220;on|phone&#8220; _builder_version=&#8220;4.7.7&#8243; _module_preset=&#8220;default&#8220; background_color=&#8220;#ffffff&#8220; min_height=&#8220;971.9px&#8220; custom_margin=&#8220;||-100px||false|false&#8220; custom_margin_tablet=&#8220;||-50px||false|false&#8220; custom_margin_phone=&#8220;||-40px||false|false&#8220; custom_margin_last_edited=&#8220;on|tablet&#8220; custom_padding=&#8220;||0px||false|false&#8220; custom_padding_tablet=&#8220;||0px||false|false&#8220; custom_padding_phone=&#8220;||0px||false|false&#8220; animation_style=&#8220;fade&#8220; animation_duration=&#8220;1250ms&#8220;][et_pb_row _builder_version=&#8220;4.7.7&#8243; _module_preset=&#8220;default&#8220;][et_pb_column type=&#8220;4_4&#8243; _builder_version=&#8220;4.7.7&#8243; _module_preset=&#8220;default&#8220;][et_pb_text _builder_version=&#8220;4.7.7&#8243; _module_preset=&#8220;default&#8220;]<\/p>\n<h1 style=\"text-align: center;\">Deine Empfehlungen<\/h1>\n<p style=\"text-align: center;\">(Erkl\u00e4rung weiter unten)<\/p>\n<p>[\/et_pb_text][\/et_pb_column][\/et_pb_row][et_pb_row _builder_version=&#8220;4.7.7&#8243; _module_preset=&#8220;default&#8220;][et_pb_column type=&#8220;4_4&#8243; _builder_version=&#8220;4.7.7&#8243; _module_preset=&#8220;default&#8220;][et_pb_shop type=&#8220;product_category&#8220; posts_number=&#8220;4&#8243; include_categories=&#8220;189&#8243; columns_number=&#8220;3&#8243; _builder_version=&#8220;4.7.7&#8243; _module_preset=&#8220;default&#8220; title_font_size=&#8220;20px&#8220; text_orientation=&#8220;left&#8220; hover_enabled=&#8220;0&#8243; icon_hover_color=&#8220;#eb6909&#8243; hover_icon=&#8220;%%52%%&#8220; hover_overlay_color=&#8220;rgba(255,255,255,0.3)&#8220; sticky_enabled=&#8220;0&#8243;][\/et_pb_shop][\/et_pb_column][\/et_pb_row][\/et_pb_section][et_pb_section fb_built=&#8220;1&#8243; _builder_version=&#8220;4.7.7&#8243; _module_preset=&#8220;default&#8220; background_color=&#8220;#e1e5ee&#8220; custom_margin=&#8220;||||false|false&#8220; animation_style=&#8220;fade&#8220; animation_duration=&#8220;1250ms&#8220;][et_pb_row column_structure=&#8220;1_2,1_2&#8243; _builder_version=&#8220;4.7.7&#8243; _module_preset=&#8220;default&#8220;][et_pb_column type=&#8220;1_2&#8243; _builder_version=&#8220;4.7.7&#8243; _module_preset=&#8220;default&#8220;][et_pb_text _builder_version=&#8220;4.7.7&#8243; _module_preset=&#8220;default&#8220;]<\/p>\n<h1 style=\"text-align: left;\">Warum wir dir diese Handschuhe empfehlen<\/h1>\n<p>[\/et_pb_text][et_pb_text _builder_version=&#8220;4.7.7&#8243; _module_preset=&#8220;default&#8220;]<\/p>\n<p>Bei Winterhandschuhen glauben wir daran, dass es sich <strong>immer lohnt hohe Qualit\u00e4t einzukaufen.<\/strong> Dies liegt daran, dass billige Material einfach nicht das tun, was sie sollen: Deine <strong>H\u00e4nde warmhalten.<\/strong><br \/>Au\u00dferdem k\u00f6nnen Winterhandschuhe, richtig behandelt, \u00fcber mehrere Saisons genutzt werden.<\/p>\n<p>Aus diesen Gr\u00fcnden empfehlen wir hier nur Handschuhe mit Thinsulate F\u00fctterung. Es kostet etwas mehr, aber bietet daf\u00fcr exzellente Isolation an, ohne sich klobig anzuf\u00fchlen.<\/p>\n<p><strong>Die gr\u00f6\u00dften Unterschiede zwischen den Handschuhen sind:<\/strong><\/p>\n<p>&#8211; Nordic Dream hat keinen abschlie\u00dfenden kragen um den Handgelenkbereich. Dieser Kragen schlie\u00dft die Handschuhe besser ab und sorgt damit f\u00fcr bessere Isolation. Falls es <strong>extrem kalt<\/strong> ist oder du schnell kalte H\u00e4nde bekommst, sind Iceland oder Polaris die bessere Wahl.<br \/>&#8211; Iceland und Nordic Dream sind beide aus unserem Flaggschiff Synthetik Material gemacht, Polaris nicht. Statt dessen ist dieses Modell aus einem elastischeren Material, wodurch der Preis reduziert und der Handschuh etwas bequemer wird. Der &#8222;Trade-off&#8220; ist, dass das Model weniger Gripp hat und etwas weniger widerstandsf\u00e4hig ist.<\/p>\n<p>&nbsp;<\/p>\n<p>[\/et_pb_text][et_pb_button button_url=&#8220;https:\/\/schmidt-handschuhe.com\/ratgeber?lang=de&#8220; button_text=&#8220;Quiz wiederholen&#8220; button_alignment=&#8220;center&#8220; _builder_version=&#8220;4.7.7&#8243; custom_button=&#8220;on&#8220; button_text_size=&#8220;10px&#8220; button_text_color=&#8220;#ffffff&#8220; button_bg_color=&#8220;#2f3854&#8243; button_border_width=&#8220;10px&#8220; button_border_color=&#8220;rgba(47,56,84,0)&#8220; button_border_radius=&#8220;98px&#8220; button_letter_spacing=&#8220;1px&#8220; button_font=&#8220;Montserrat|700||on|||||&#8220; button_use_icon=&#8220;off&#8220; animation_style=&#8220;fade&#8220; animation_duration=&#8220;1250ms&#8220; animation_delay=&#8220;1050ms&#8220; button_text_color_hover=&#8220;#2f3854&#8243; button_border_radius_hover=&#8220;65px&#8220; button_letter_spacing_hover=&#8220;1px&#8220; button_bg_color_hover=&#8220;rgba(47,56,84,0.1)&#8220; button_text_size__hover_enabled=&#8220;off&#8220; button_one_text_size__hover_enabled=&#8220;off&#8220; button_two_text_size__hover_enabled=&#8220;off&#8220; button_text_color__hover_enabled=&#8220;on|desktop&#8220; button_text_color__hover=&#8220;#2f3854&#8243; button_one_text_color__hover_enabled=&#8220;off&#8220; button_two_text_color__hover_enabled=&#8220;off&#8220; button_border_width__hover_enabled=&#8220;off&#8220; button_one_border_width__hover_enabled=&#8220;off&#8220; button_two_border_width__hover_enabled=&#8220;off&#8220; button_border_color__hover_enabled=&#8220;off&#8220; button_one_border_color__hover_enabled=&#8220;off&#8220; button_two_border_color__hover_enabled=&#8220;off&#8220; button_border_radius__hover_enabled=&#8220;on&#8220; button_border_radius__hover=&#8220;65px&#8220; button_one_border_radius__hover_enabled=&#8220;off&#8220; button_two_border_radius__hover_enabled=&#8220;off&#8220; button_letter_spacing__hover_enabled=&#8220;on&#8220; button_letter_spacing__hover=&#8220;1px&#8220; button_one_letter_spacing__hover_enabled=&#8220;off&#8220; button_two_letter_spacing__hover_enabled=&#8220;off&#8220; button_bg_color__hover_enabled=&#8220;on&#8220; button_bg_color__hover=&#8220;rgba(47,56,84,0.1)&#8220; button_one_bg_color__hover_enabled=&#8220;off&#8220; button_two_bg_color__hover_enabled=&#8220;off&#8220;][\/et_pb_button][\/et_pb_column][et_pb_column type=&#8220;1_2&#8243; _builder_version=&#8220;4.7.7&#8243; _module_preset=&#8220;default&#8220;][et_pb_image src=&#8220;https:\/\/schmidt-handschuhe.com\/wp-content\/uploads\/2020\/12\/AdobeStock_226800048@02x.jpg&#8220; title_text=&#8220;Glove consultation trade fair&#8220; _builder_version=&#8220;4.7.7&#8243; _module_preset=&#8220;default&#8220;][\/et_pb_image][\/et_pb_column][\/et_pb_row][\/et_pb_section]<\/p>\n","protected":false},"excerpt":{"rendered":"<p>Deine Empfehlungen (Erkl\u00e4rung weiter unten)Warum wir dir diese Handschuhe empfehlenBei Winterhandschuhen glauben wir daran, dass es sich immer lohnt hohe Qualit\u00e4t einzukaufen. Dies liegt daran, dass billige Material einfach nicht das tun, was sie sollen: Deine H\u00e4nde warmhalten.Au\u00dferdem k\u00f6nnen Winterhandschuhe, richtig behandelt, \u00fcber mehrere Saisons genutzt werden. Aus diesen Gr\u00fcnden empfehlen wir hier nur Handschuhe [&hellip;]<\/p>\n","protected":false},"author":1,"featured_media":0,"parent":0,"menu_order":0,"comment_status":"closed","ping_status":"closed","template":"","meta":{"_et_pb_use_builder":"on","_et_pb_old_content":"","_et_gb_content_width":"","footnotes":""},"yoast_head":"<!-- This site is optimized with the Yoast SEO plugin v23.2 - https:\/\/yoast.com\/wordpress\/plugins\/seo\/ -->\n<title>haukeschmidt |<\/title>\n<meta name=\"robots\" content=\"index, follow, max-snippet:-1, max-image-preview:large, max-video-preview:-1\" \/>\n<link rel=\"canonical\" href=\"https:\/\/schmidt-handschuhe.com\/de\/q-nordic-dream-iceland-polaris\" \/>\n<meta property=\"og:locale\" content=\"de_DE\" \/>\n<meta property=\"og:type\" content=\"article\" \/>\n<meta property=\"og:title\" content=\"haukeschmidt |\" \/>\n<meta property=\"og:description\" content=\"Deine Empfehlungen (Erkl\u00e4rung weiter unten)Warum wir dir diese Handschuhe empfehlenBei Winterhandschuhen glauben wir daran, dass es sich immer lohnt hohe Qualit\u00e4t einzukaufen. Dies liegt daran, dass billige Material einfach nicht das tun, was sie sollen: Deine H\u00e4nde warmhalten.Au\u00dferdem k\u00f6nnen Winterhandschuhe, richtig behandelt, \u00fcber mehrere Saisons genutzt werden. Aus diesen Gr\u00fcnden empfehlen wir hier nur Handschuhe [&hellip;]\" \/>\n<meta property=\"og:url\" content=\"https:\/\/schmidt-handschuhe.com\/de\/q-nordic-dream-iceland-polaris\" \/>\n<meta property=\"og:site_name\" content=\"haukeschmidt\" \/>\n<meta property=\"article:modified_time\" content=\"2021-01-07T11:48:51+00:00\" \/>\n<meta name=\"twitter:card\" content=\"summary_large_image\" \/>\n<meta name=\"twitter:label1\" content=\"Gesch\u00e4tzte Lesezeit\" \/>\n\t<meta name=\"twitter:data1\" content=\"4\u00a0Minuten\" \/>\n<script type=\"application\/ld+json\" class=\"yoast-schema-graph\">{\"@context\":\"https:\/\/schema.org\",\"@graph\":[{\"@type\":\"Article\",\"@id\":\"https:\/\/schmidt-handschuhe.com\/de\/q-nordic-dream-iceland-polaris#article\",\"isPartOf\":{\"@id\":\"https:\/\/schmidt-handschuhe.com\/de\/q-nordic-dream-iceland-polaris\"},\"author\":{\"name\":\"knell\",\"@id\":\"https:\/\/schmidt-handschuhe.com\/de#\/schema\/person\/3bc9688442dcd6802f2bad1fac62012c\"},\"headline\":\"q-nordic dream-iceland-polaris\",\"datePublished\":\"2021-01-07T11:48:47+00:00\",\"dateModified\":\"2021-01-07T11:48:51+00:00\",\"mainEntityOfPage\":{\"@id\":\"https:\/\/schmidt-handschuhe.com\/de\/q-nordic-dream-iceland-polaris\"},\"wordCount\":726,\"publisher\":{\"@id\":\"https:\/\/schmidt-handschuhe.com\/de#organization\"},\"inLanguage\":\"de\"},{\"@type\":\"WebPage\",\"@id\":\"https:\/\/schmidt-handschuhe.com\/de\/q-nordic-dream-iceland-polaris\",\"url\":\"https:\/\/schmidt-handschuhe.com\/de\/q-nordic-dream-iceland-polaris\",\"name\":\"haukeschmidt |\",\"isPartOf\":{\"@id\":\"https:\/\/schmidt-handschuhe.com\/de#website\"},\"datePublished\":\"2021-01-07T11:48:47+00:00\",\"dateModified\":\"2021-01-07T11:48:51+00:00\",\"breadcrumb\":{\"@id\":\"https:\/\/schmidt-handschuhe.com\/de\/q-nordic-dream-iceland-polaris#breadcrumb\"},\"inLanguage\":\"de\",\"potentialAction\":[{\"@type\":\"ReadAction\",\"target\":[\"https:\/\/schmidt-handschuhe.com\/de\/q-nordic-dream-iceland-polaris\"]}]},{\"@type\":\"BreadcrumbList\",\"@id\":\"https:\/\/schmidt-handschuhe.com\/de\/q-nordic-dream-iceland-polaris#breadcrumb\",\"itemListElement\":[{\"@type\":\"ListItem\",\"position\":1,\"name\":\"Startseite\",\"item\":\"https:\/\/schmidt-handschuhe.com\/de\"},{\"@type\":\"ListItem\",\"position\":2,\"name\":\"q-nordic dream-iceland-polaris\"}]},{\"@type\":\"WebSite\",\"@id\":\"https:\/\/schmidt-handschuhe.com\/de#website\",\"url\":\"https:\/\/schmidt-handschuhe.com\/de\",\"name\":\"haukeschmidt\",\"description\":\"Made to be different\",\"publisher\":{\"@id\":\"https:\/\/schmidt-handschuhe.com\/de#organization\"},\"potentialAction\":[{\"@type\":\"SearchAction\",\"target\":{\"@type\":\"EntryPoint\",\"urlTemplate\":\"https:\/\/schmidt-handschuhe.com\/de?s={search_term_string}\"},\"query-input\":\"required name=search_term_string\"}],\"inLanguage\":\"de\"},{\"@type\":\"Organization\",\"@id\":\"https:\/\/schmidt-handschuhe.com\/de#organization\",\"name\":\"haukeschmidt\",\"url\":\"https:\/\/schmidt-handschuhe.com\/de\",\"logo\":{\"@type\":\"ImageObject\",\"inLanguage\":\"de\",\"@id\":\"https:\/\/schmidt-handschuhe.com\/de#\/schema\/logo\/image\/\",\"url\":\"https:\/\/schmidt-handschuhe.com\/wp-content\/uploads\/2021\/12\/haukeschmidt_Logo_komplett.png\",\"contentUrl\":\"https:\/\/schmidt-handschuhe.com\/wp-content\/uploads\/2021\/12\/haukeschmidt_Logo_komplett.png\",\"width\":529,\"height\":99,\"caption\":\"haukeschmidt\"},\"image\":{\"@id\":\"https:\/\/schmidt-handschuhe.com\/de#\/schema\/logo\/image\/\"}},{\"@type\":\"Person\",\"@id\":\"https:\/\/schmidt-handschuhe.com\/de#\/schema\/person\/3bc9688442dcd6802f2bad1fac62012c\",\"name\":\"knell\",\"image\":{\"@type\":\"ImageObject\",\"inLanguage\":\"de\",\"@id\":\"https:\/\/schmidt-handschuhe.com\/de#\/schema\/person\/image\/\",\"url\":\"https:\/\/secure.gravatar.com\/avatar\/1f1f4db6984d5aa2684672026c9d320f?s=96&d=mm&r=g\",\"contentUrl\":\"https:\/\/secure.gravatar.com\/avatar\/1f1f4db6984d5aa2684672026c9d320f?s=96&d=mm&r=g\",\"caption\":\"knell\"},\"sameAs\":[\"https:\/\/schmidt-handschuhe.com\"],\"url\":\"https:\/\/schmidt-handschuhe.com\/de\/author\/knell\"}]}<\/script>\n<!-- \/ Yoast SEO plugin. -->","yoast_head_json":{"title":"haukeschmidt |","robots":{"index":"index","follow":"follow","max-snippet":"max-snippet:-1","max-image-preview":"max-image-preview:large","max-video-preview":"max-video-preview:-1"},"canonical":"https:\/\/schmidt-handschuhe.com\/de\/q-nordic-dream-iceland-polaris","og_locale":"de_DE","og_type":"article","og_title":"haukeschmidt |","og_description":"Deine Empfehlungen (Erkl\u00e4rung weiter unten)Warum wir dir diese Handschuhe empfehlenBei Winterhandschuhen glauben wir daran, dass es sich immer lohnt hohe Qualit\u00e4t einzukaufen. Dies liegt daran, dass billige Material einfach nicht das tun, was sie sollen: Deine H\u00e4nde warmhalten.Au\u00dferdem k\u00f6nnen Winterhandschuhe, richtig behandelt, \u00fcber mehrere Saisons genutzt werden. Aus diesen Gr\u00fcnden empfehlen wir hier nur Handschuhe [&hellip;]","og_url":"https:\/\/schmidt-handschuhe.com\/de\/q-nordic-dream-iceland-polaris","og_site_name":"haukeschmidt","article_modified_time":"2021-01-07T11:48:51+00:00","twitter_card":"summary_large_image","twitter_misc":{"Gesch\u00e4tzte Lesezeit":"4\u00a0Minuten"},"schema":{"@context":"https:\/\/schema.org","@graph":[{"@type":"Article","@id":"https:\/\/schmidt-handschuhe.com\/de\/q-nordic-dream-iceland-polaris#article","isPartOf":{"@id":"https:\/\/schmidt-handschuhe.com\/de\/q-nordic-dream-iceland-polaris"},"author":{"name":"knell","@id":"https:\/\/schmidt-handschuhe.com\/de#\/schema\/person\/3bc9688442dcd6802f2bad1fac62012c"},"headline":"q-nordic dream-iceland-polaris","datePublished":"2021-01-07T11:48:47+00:00","dateModified":"2021-01-07T11:48:51+00:00","mainEntityOfPage":{"@id":"https:\/\/schmidt-handschuhe.com\/de\/q-nordic-dream-iceland-polaris"},"wordCount":726,"publisher":{"@id":"https:\/\/schmidt-handschuhe.com\/de#organization"},"inLanguage":"de"},{"@type":"WebPage","@id":"https:\/\/schmidt-handschuhe.com\/de\/q-nordic-dream-iceland-polaris","url":"https:\/\/schmidt-handschuhe.com\/de\/q-nordic-dream-iceland-polaris","name":"haukeschmidt |","isPartOf":{"@id":"https:\/\/schmidt-handschuhe.com\/de#website"},"datePublished":"2021-01-07T11:48:47+00:00","dateModified":"2021-01-07T11:48:51+00:00","breadcrumb":{"@id":"https:\/\/schmidt-handschuhe.com\/de\/q-nordic-dream-iceland-polaris#breadcrumb"},"inLanguage":"de","potentialAction":[{"@type":"ReadAction","target":["https:\/\/schmidt-handschuhe.com\/de\/q-nordic-dream-iceland-polaris"]}]},{"@type":"BreadcrumbList","@id":"https:\/\/schmidt-handschuhe.com\/de\/q-nordic-dream-iceland-polaris#breadcrumb","itemListElement":[{"@type":"ListItem","position":1,"name":"Startseite","item":"https:\/\/schmidt-handschuhe.com\/de"},{"@type":"ListItem","position":2,"name":"q-nordic dream-iceland-polaris"}]},{"@type":"WebSite","@id":"https:\/\/schmidt-handschuhe.com\/de#website","url":"https:\/\/schmidt-handschuhe.com\/de","name":"haukeschmidt","description":"Made to be different","publisher":{"@id":"https:\/\/schmidt-handschuhe.com\/de#organization"},"potentialAction":[{"@type":"SearchAction","target":{"@type":"EntryPoint","urlTemplate":"https:\/\/schmidt-handschuhe.com\/de?s={search_term_string}"},"query-input":"required name=search_term_string"}],"inLanguage":"de"},{"@type":"Organization","@id":"https:\/\/schmidt-handschuhe.com\/de#organization","name":"haukeschmidt","url":"https:\/\/schmidt-handschuhe.com\/de","logo":{"@type":"ImageObject","inLanguage":"de","@id":"https:\/\/schmidt-handschuhe.com\/de#\/schema\/logo\/image\/","url":"https:\/\/schmidt-handschuhe.com\/wp-content\/uploads\/2021\/12\/haukeschmidt_Logo_komplett.png","contentUrl":"https:\/\/schmidt-handschuhe.com\/wp-content\/uploads\/2021\/12\/haukeschmidt_Logo_komplett.png","width":529,"height":99,"caption":"haukeschmidt"},"image":{"@id":"https:\/\/schmidt-handschuhe.com\/de#\/schema\/logo\/image\/"}},{"@type":"Person","@id":"https:\/\/schmidt-handschuhe.com\/de#\/schema\/person\/3bc9688442dcd6802f2bad1fac62012c","name":"knell","image":{"@type":"ImageObject","inLanguage":"de","@id":"https:\/\/schmidt-handschuhe.com\/de#\/schema\/person\/image\/","url":"https:\/\/secure.gravatar.com\/avatar\/1f1f4db6984d5aa2684672026c9d320f?s=96&d=mm&r=g","contentUrl":"https:\/\/secure.gravatar.com\/avatar\/1f1f4db6984d5aa2684672026c9d320f?s=96&d=mm&r=g","caption":"knell"},"sameAs":["https:\/\/schmidt-handschuhe.com"],"url":"https:\/\/schmidt-handschuhe.com\/de\/author\/knell"}]}},"_links":{"self":[{"href":"https:\/\/schmidt-handschuhe.com\/de\/wp-json\/wp\/v2\/pages\/5600"}],"collection":[{"href":"https:\/\/schmidt-handschuhe.com\/de\/wp-json\/wp\/v2\/pages"}],"about":[{"href":"https:\/\/schmidt-handschuhe.com\/de\/wp-json\/wp\/v2\/types\/page"}],"author":[{"embeddable":true,"href":"https:\/\/schmidt-handschuhe.com\/de\/wp-json\/wp\/v2\/users\/1"}],"replies":[{"embeddable":true,"href":"https:\/\/schmidt-handschuhe.com\/de\/wp-json\/wp\/v2\/comments?post=5600"}],"version-history":[{"count":0,"href":"https:\/\/schmidt-handschuhe.com\/de\/wp-json\/wp\/v2\/pages\/5600\/revisions"}],"wp:attachment":[{"href":"https:\/\/schmidt-handschuhe.com\/de\/wp-json\/wp\/v2\/media?parent=5600"}],"curies":[{"name":"wp","href":"https:\/\/api.w.org\/{rel}","templated":true}]}}