{"id":5401,"date":"2021-01-07T09:39:48","date_gmt":"2021-01-07T09:39:48","guid":{"rendered":"https:\/\/your-gloves.de\/q-a-touch-of-summer-summertime-for-the-moment-arabella"},"modified":"2021-01-07T09:39:51","modified_gmt":"2021-01-07T09:39:51","slug":"q-a-touch-of-summer-summertime-for-the-moment-arabella","status":"publish","type":"page","link":"https:\/\/schmidt-handschuhe.com\/de\/q-a-touch-of-summer-summertime-for-the-moment-arabella","title":{"rendered":"q-a touch of summer-summertime-for the moment-arabella"},"content":{"rendered":"<p>[et_pb_section fb_built=&#8220;1&#8243; custom_padding_last_edited=&#8220;on|phone&#8220; _builder_version=&#8220;4.7.7&#8243; _module_preset=&#8220;default&#8220; background_color=&#8220;#ffffff&#8220; custom_padding=&#8220;||0px||false|false&#8220; custom_padding_tablet=&#8220;||0px||false|false&#8220; custom_padding_phone=&#8220;||0px||false|false&#8220; hover_enabled=&#8220;0&#8243; animation_style=&#8220;fade&#8220; animation_duration=&#8220;1250ms&#8220; sticky_enabled=&#8220;0&#8243;][et_pb_row _builder_version=&#8220;4.7.7&#8243; _module_preset=&#8220;default&#8220;][et_pb_column type=&#8220;4_4&#8243; _builder_version=&#8220;4.7.7&#8243; _module_preset=&#8220;default&#8220;][et_pb_text _builder_version=&#8220;4.7.7&#8243; _module_preset=&#8220;default&#8220;]<\/p>\n<h1 style=\"text-align: center\">Deine Empfehlungen<\/h1>\n<p style=\"text-align: center\">(Erkl\u00e4rung weiter unten)<\/p>\n<p>[\/et_pb_text][\/et_pb_column][\/et_pb_row][et_pb_row _builder_version=&#8220;4.7.7&#8243; _module_preset=&#8220;default&#8220;][et_pb_column type=&#8220;4_4&#8243; _builder_version=&#8220;4.7.7&#8243; _module_preset=&#8220;default&#8220;][et_pb_shop type=&#8220;product_category&#8220; posts_number=&#8220;4&#8243; include_categories=&#8220;203&#8243; columns_number=&#8220;4&#8243; _builder_version=&#8220;4.7.7&#8243; _module_preset=&#8220;default&#8220; title_font_size=&#8220;20px&#8220; text_orientation=&#8220;left&#8220; hover_enabled=&#8220;0&#8243; icon_hover_color=&#8220;#eb6909&#8243; hover_overlay_color=&#8220;rgba(255,255,255,0.34)&#8220; hover_icon=&#8220;%%52%%&#8220; sticky_enabled=&#8220;0&#8243;][\/et_pb_shop][\/et_pb_column][\/et_pb_row][\/et_pb_section][et_pb_section fb_built=&#8220;1&#8243; _builder_version=&#8220;4.7.7&#8243; _module_preset=&#8220;default&#8220; background_color=&#8220;#e1e5ee&#8220; hover_enabled=&#8220;0&#8243; animation_style=&#8220;fade&#8220; animation_duration=&#8220;1250ms&#8220; sticky_enabled=&#8220;0&#8243;][et_pb_row column_structure=&#8220;1_2,1_2&#8243; _builder_version=&#8220;4.7.7&#8243; _module_preset=&#8220;default&#8220; hover_enabled=&#8220;0&#8243; animation_style=&#8220;fade&#8220; animation_duration=&#8220;1250ms&#8220; sticky_enabled=&#8220;0&#8243;][et_pb_column type=&#8220;1_2&#8243; _builder_version=&#8220;4.7.7&#8243; _module_preset=&#8220;default&#8220;][et_pb_text _builder_version=&#8220;4.7.7&#8243; _module_preset=&#8220;default&#8220; hover_enabled=&#8220;0&#8243; sticky_enabled=&#8220;0&#8243;]<\/p>\n<h1 style=\"text-align: left\">Warum wir dir diese Handschuhe empfehlen<\/h1>\n<p>[\/et_pb_text][et_pb_text _builder_version=&#8220;4.7.7&#8243; _module_preset=&#8220;default&#8220; hover_enabled=&#8220;0&#8243; sticky_enabled=&#8220;0&#8243;]<\/p>\n<p><strong>Nie mehr verschwitzte H\u00e4nde!<\/strong><\/p>\n<p>Diese Handschuhe wurden mit dem Ziel <strong>leicht, komfortabel und luftig<\/strong> zu sein.<\/p>\n<p><strong>Die gr\u00f6\u00dften Unterschiede zwischen den Handschuhen sind:<\/strong><\/p>\n<p>&#8211; W\u00e4hrend Arabella und For the Moment haupts\u00e4chlich <strong>aus Leder<\/strong> bestehen, ist A touch of Summer <strong>aus Kunststoff<\/strong>.<br \/> Leder hat den Vorteil, dass es normalerweise <strong>angenehmer<\/strong> auf der Haut ist. Au\u00dferdem sind Lederhandschuhe meist <strong>d\u00fcnner und robuster<\/strong> als Handschuhe aus Kunststoff. Dadurch ist das <strong>Gef\u00fchl und die Kontrolle der Z\u00fcgel<\/strong> meist besser.<br \/> Synthetik hat den Vorteil, dass es bei 30\u00b0C <strong>maschinenwaschbar<\/strong> ist und der <strong>Kaufpreis niedriger<\/strong> ist.<\/p>\n<p>Arabella sind unsere <strong>feinsten Handschuhe<\/strong>. Die Lycra-Inserts garantieren eine optimale Passform und das Leder ist so fein, dass jeder Druck auf die Handschuhe perfekt auf die Haut \u00fcbertragen wird. Diese Handschuhe sollten <strong>auf keinen Fall f\u00fcr Stallarbeit verwendet werden<\/strong>. Sie sind nur an den Stellen verst\u00e4rkt, die beim Reiten belastet werden.<\/p>\n<p>&#8211; For the Moment sind sehr <strong>widerstandsf\u00e4hige<\/strong> Halbfingerhandschuhe.<\/p>\n<p>&#8211; Im Vergleich zum A touch of Summer ist Summertime leichter. Alle Materialien des Handschuhs wurden ausgew\u00e4hlt um <strong>beste Atmungsaktivit\u00e4t und Leichtigkeit<\/strong> zu gew\u00e4hrleisten. Der Trade-off ist, dass A touch of Summer widerstandsf\u00e4higer ist und einen etwas besseren Grip hat.<\/p>\n<p>[\/et_pb_text][et_pb_button button_url=&#8220;https:\/\/schmidt-handschuhe.com\/ratgeber?lang=de&#8220; button_text=&#8220;Quiz wiederholen&#8220; button_alignment=&#8220;center&#8220; _builder_version=&#8220;4.7.7&#8243; custom_button=&#8220;on&#8220; button_text_size=&#8220;10px&#8220; button_text_color=&#8220;#ffffff&#8220; button_bg_color=&#8220;#2f3854&#8243; button_border_width=&#8220;10px&#8220; button_border_color=&#8220;rgba(47,56,84,0)&#8220; button_border_radius=&#8220;98px&#8220; button_letter_spacing=&#8220;1px&#8220; button_font=&#8220;Montserrat|700||on|||||&#8220; button_use_icon=&#8220;off&#8220; animation_style=&#8220;fade&#8220; animation_duration=&#8220;1250ms&#8220; animation_delay=&#8220;1050ms&#8220; button_text_color_hover=&#8220;#2f3854&#8243; button_border_radius_hover=&#8220;65px&#8220; button_letter_spacing_hover=&#8220;1px&#8220; button_bg_color_hover=&#8220;rgba(47,56,84,0.1)&#8220; button_text_size__hover_enabled=&#8220;off&#8220; button_one_text_size__hover_enabled=&#8220;off&#8220; button_two_text_size__hover_enabled=&#8220;off&#8220; button_text_color__hover_enabled=&#8220;on|desktop&#8220; button_text_color__hover=&#8220;#2f3854&#8243; button_one_text_color__hover_enabled=&#8220;off&#8220; button_two_text_color__hover_enabled=&#8220;off&#8220; button_border_width__hover_enabled=&#8220;off&#8220; button_one_border_width__hover_enabled=&#8220;off&#8220; button_two_border_width__hover_enabled=&#8220;off&#8220; button_border_color__hover_enabled=&#8220;off&#8220; button_one_border_color__hover_enabled=&#8220;off&#8220; button_two_border_color__hover_enabled=&#8220;off&#8220; button_border_radius__hover_enabled=&#8220;on&#8220; button_border_radius__hover=&#8220;65px&#8220; button_one_border_radius__hover_enabled=&#8220;off&#8220; button_two_border_radius__hover_enabled=&#8220;off&#8220; button_letter_spacing__hover_enabled=&#8220;on&#8220; button_letter_spacing__hover=&#8220;1px&#8220; button_one_letter_spacing__hover_enabled=&#8220;off&#8220; button_two_letter_spacing__hover_enabled=&#8220;off&#8220; button_bg_color__hover_enabled=&#8220;on&#8220; button_bg_color__hover=&#8220;rgba(47,56,84,0.1)&#8220; button_one_bg_color__hover_enabled=&#8220;off&#8220; button_two_bg_color__hover_enabled=&#8220;off&#8220;][\/et_pb_button][\/et_pb_column][et_pb_column type=&#8220;1_2&#8243; _builder_version=&#8220;4.7.7&#8243; _module_preset=&#8220;default&#8220;][et_pb_image src=&#8220;https:\/\/schmidt-handschuhe.com\/wp-content\/uploads\/2020\/12\/AdobeStock_226800048@02x.jpg&#8220; title_text=&#8220;Glove consultation trade fair&#8220; _builder_version=&#8220;4.7.7&#8243; _module_preset=&#8220;default&#8220;][\/et_pb_image][\/et_pb_column][\/et_pb_row][\/et_pb_section]<\/p>\n","protected":false},"excerpt":{"rendered":"<p>Deine Empfehlungen (Erkl\u00e4rung weiter unten)Warum wir dir diese Handschuhe empfehlen Nie mehr verschwitzte H\u00e4nde! Diese Handschuhe wurden mit dem Ziel leicht, komfortabel und luftig zu sein. Die gr\u00f6\u00dften Unterschiede zwischen den Handschuhen sind: &#8211; W\u00e4hrend Arabella und For the Moment haupts\u00e4chlich aus Leder bestehen, ist A touch of Summer aus Kunststoff. Leder hat den Vorteil, [&hellip;]<\/p>\n","protected":false},"author":1,"featured_media":0,"parent":0,"menu_order":0,"comment_status":"closed","ping_status":"closed","template":"","meta":{"_et_pb_use_builder":"on","_et_pb_old_content":"","_et_gb_content_width":"","footnotes":""},"yoast_head":"<!-- This site is optimized with the Yoast SEO plugin v23.2 - https:\/\/yoast.com\/wordpress\/plugins\/seo\/ -->\n<title>haukeschmidt |<\/title>\n<meta name=\"robots\" content=\"index, follow, max-snippet:-1, max-image-preview:large, max-video-preview:-1\" \/>\n<link rel=\"canonical\" href=\"https:\/\/schmidt-handschuhe.com\/de\/q-a-touch-of-summer-summertime-for-the-moment-arabella\" \/>\n<meta property=\"og:locale\" content=\"de_DE\" \/>\n<meta property=\"og:type\" content=\"article\" \/>\n<meta property=\"og:title\" content=\"haukeschmidt |\" \/>\n<meta property=\"og:description\" content=\"Deine Empfehlungen (Erkl\u00e4rung weiter unten)Warum wir dir diese Handschuhe empfehlen Nie mehr verschwitzte H\u00e4nde! Diese Handschuhe wurden mit dem Ziel leicht, komfortabel und luftig zu sein. Die gr\u00f6\u00dften Unterschiede zwischen den Handschuhen sind: - W\u00e4hrend Arabella und For the Moment haupts\u00e4chlich aus Leder bestehen, ist A touch of Summer aus Kunststoff. Leder hat den Vorteil, [&hellip;]\" \/>\n<meta property=\"og:url\" content=\"https:\/\/schmidt-handschuhe.com\/de\/q-a-touch-of-summer-summertime-for-the-moment-arabella\" \/>\n<meta property=\"og:site_name\" content=\"haukeschmidt\" \/>\n<meta property=\"article:modified_time\" content=\"2021-01-07T09:39:51+00:00\" \/>\n<meta name=\"twitter:card\" content=\"summary_large_image\" \/>\n<meta name=\"twitter:label1\" content=\"Gesch\u00e4tzte Lesezeit\" \/>\n\t<meta name=\"twitter:data1\" content=\"4\u00a0Minuten\" \/>\n<script type=\"application\/ld+json\" class=\"yoast-schema-graph\">{\"@context\":\"https:\/\/schema.org\",\"@graph\":[{\"@type\":\"Article\",\"@id\":\"https:\/\/schmidt-handschuhe.com\/de\/q-a-touch-of-summer-summertime-for-the-moment-arabella#article\",\"isPartOf\":{\"@id\":\"https:\/\/schmidt-handschuhe.com\/de\/q-a-touch-of-summer-summertime-for-the-moment-arabella\"},\"author\":{\"name\":\"knell\",\"@id\":\"https:\/\/schmidt-handschuhe.com\/de#\/schema\/person\/3bc9688442dcd6802f2bad1fac62012c\"},\"headline\":\"q-a touch of summer-summertime-for the moment-arabella\",\"datePublished\":\"2021-01-07T09:39:48+00:00\",\"dateModified\":\"2021-01-07T09:39:51+00:00\",\"mainEntityOfPage\":{\"@id\":\"https:\/\/schmidt-handschuhe.com\/de\/q-a-touch-of-summer-summertime-for-the-moment-arabella\"},\"wordCount\":752,\"publisher\":{\"@id\":\"https:\/\/schmidt-handschuhe.com\/de#organization\"},\"inLanguage\":\"de\"},{\"@type\":\"WebPage\",\"@id\":\"https:\/\/schmidt-handschuhe.com\/de\/q-a-touch-of-summer-summertime-for-the-moment-arabella\",\"url\":\"https:\/\/schmidt-handschuhe.com\/de\/q-a-touch-of-summer-summertime-for-the-moment-arabella\",\"name\":\"haukeschmidt |\",\"isPartOf\":{\"@id\":\"https:\/\/schmidt-handschuhe.com\/de#website\"},\"datePublished\":\"2021-01-07T09:39:48+00:00\",\"dateModified\":\"2021-01-07T09:39:51+00:00\",\"breadcrumb\":{\"@id\":\"https:\/\/schmidt-handschuhe.com\/de\/q-a-touch-of-summer-summertime-for-the-moment-arabella#breadcrumb\"},\"inLanguage\":\"de\",\"potentialAction\":[{\"@type\":\"ReadAction\",\"target\":[\"https:\/\/schmidt-handschuhe.com\/de\/q-a-touch-of-summer-summertime-for-the-moment-arabella\"]}]},{\"@type\":\"BreadcrumbList\",\"@id\":\"https:\/\/schmidt-handschuhe.com\/de\/q-a-touch-of-summer-summertime-for-the-moment-arabella#breadcrumb\",\"itemListElement\":[{\"@type\":\"ListItem\",\"position\":1,\"name\":\"Startseite\",\"item\":\"https:\/\/schmidt-handschuhe.com\/de\"},{\"@type\":\"ListItem\",\"position\":2,\"name\":\"q-a touch of summer-summertime-for the moment-arabella\"}]},{\"@type\":\"WebSite\",\"@id\":\"https:\/\/schmidt-handschuhe.com\/de#website\",\"url\":\"https:\/\/schmidt-handschuhe.com\/de\",\"name\":\"haukeschmidt\",\"description\":\"Made to be different\",\"publisher\":{\"@id\":\"https:\/\/schmidt-handschuhe.com\/de#organization\"},\"potentialAction\":[{\"@type\":\"SearchAction\",\"target\":{\"@type\":\"EntryPoint\",\"urlTemplate\":\"https:\/\/schmidt-handschuhe.com\/de?s={search_term_string}\"},\"query-input\":\"required name=search_term_string\"}],\"inLanguage\":\"de\"},{\"@type\":\"Organization\",\"@id\":\"https:\/\/schmidt-handschuhe.com\/de#organization\",\"name\":\"haukeschmidt\",\"url\":\"https:\/\/schmidt-handschuhe.com\/de\",\"logo\":{\"@type\":\"ImageObject\",\"inLanguage\":\"de\",\"@id\":\"https:\/\/schmidt-handschuhe.com\/de#\/schema\/logo\/image\/\",\"url\":\"https:\/\/schmidt-handschuhe.com\/wp-content\/uploads\/2021\/12\/haukeschmidt_Logo_komplett.png\",\"contentUrl\":\"https:\/\/schmidt-handschuhe.com\/wp-content\/uploads\/2021\/12\/haukeschmidt_Logo_komplett.png\",\"width\":529,\"height\":99,\"caption\":\"haukeschmidt\"},\"image\":{\"@id\":\"https:\/\/schmidt-handschuhe.com\/de#\/schema\/logo\/image\/\"}},{\"@type\":\"Person\",\"@id\":\"https:\/\/schmidt-handschuhe.com\/de#\/schema\/person\/3bc9688442dcd6802f2bad1fac62012c\",\"name\":\"knell\",\"image\":{\"@type\":\"ImageObject\",\"inLanguage\":\"de\",\"@id\":\"https:\/\/schmidt-handschuhe.com\/de#\/schema\/person\/image\/\",\"url\":\"https:\/\/secure.gravatar.com\/avatar\/1f1f4db6984d5aa2684672026c9d320f?s=96&d=mm&r=g\",\"contentUrl\":\"https:\/\/secure.gravatar.com\/avatar\/1f1f4db6984d5aa2684672026c9d320f?s=96&d=mm&r=g\",\"caption\":\"knell\"},\"sameAs\":[\"https:\/\/schmidt-handschuhe.com\"],\"url\":\"https:\/\/schmidt-handschuhe.com\/de\/author\/knell\"}]}<\/script>\n<!-- \/ Yoast SEO plugin. -->","yoast_head_json":{"title":"haukeschmidt |","robots":{"index":"index","follow":"follow","max-snippet":"max-snippet:-1","max-image-preview":"max-image-preview:large","max-video-preview":"max-video-preview:-1"},"canonical":"https:\/\/schmidt-handschuhe.com\/de\/q-a-touch-of-summer-summertime-for-the-moment-arabella","og_locale":"de_DE","og_type":"article","og_title":"haukeschmidt |","og_description":"Deine Empfehlungen (Erkl\u00e4rung weiter unten)Warum wir dir diese Handschuhe empfehlen Nie mehr verschwitzte H\u00e4nde! Diese Handschuhe wurden mit dem Ziel leicht, komfortabel und luftig zu sein. Die gr\u00f6\u00dften Unterschiede zwischen den Handschuhen sind: - W\u00e4hrend Arabella und For the Moment haupts\u00e4chlich aus Leder bestehen, ist A touch of Summer aus Kunststoff. Leder hat den Vorteil, [&hellip;]","og_url":"https:\/\/schmidt-handschuhe.com\/de\/q-a-touch-of-summer-summertime-for-the-moment-arabella","og_site_name":"haukeschmidt","article_modified_time":"2021-01-07T09:39:51+00:00","twitter_card":"summary_large_image","twitter_misc":{"Gesch\u00e4tzte Lesezeit":"4\u00a0Minuten"},"schema":{"@context":"https:\/\/schema.org","@graph":[{"@type":"Article","@id":"https:\/\/schmidt-handschuhe.com\/de\/q-a-touch-of-summer-summertime-for-the-moment-arabella#article","isPartOf":{"@id":"https:\/\/schmidt-handschuhe.com\/de\/q-a-touch-of-summer-summertime-for-the-moment-arabella"},"author":{"name":"knell","@id":"https:\/\/schmidt-handschuhe.com\/de#\/schema\/person\/3bc9688442dcd6802f2bad1fac62012c"},"headline":"q-a touch of summer-summertime-for the moment-arabella","datePublished":"2021-01-07T09:39:48+00:00","dateModified":"2021-01-07T09:39:51+00:00","mainEntityOfPage":{"@id":"https:\/\/schmidt-handschuhe.com\/de\/q-a-touch-of-summer-summertime-for-the-moment-arabella"},"wordCount":752,"publisher":{"@id":"https:\/\/schmidt-handschuhe.com\/de#organization"},"inLanguage":"de"},{"@type":"WebPage","@id":"https:\/\/schmidt-handschuhe.com\/de\/q-a-touch-of-summer-summertime-for-the-moment-arabella","url":"https:\/\/schmidt-handschuhe.com\/de\/q-a-touch-of-summer-summertime-for-the-moment-arabella","name":"haukeschmidt |","isPartOf":{"@id":"https:\/\/schmidt-handschuhe.com\/de#website"},"datePublished":"2021-01-07T09:39:48+00:00","dateModified":"2021-01-07T09:39:51+00:00","breadcrumb":{"@id":"https:\/\/schmidt-handschuhe.com\/de\/q-a-touch-of-summer-summertime-for-the-moment-arabella#breadcrumb"},"inLanguage":"de","potentialAction":[{"@type":"ReadAction","target":["https:\/\/schmidt-handschuhe.com\/de\/q-a-touch-of-summer-summertime-for-the-moment-arabella"]}]},{"@type":"BreadcrumbList","@id":"https:\/\/schmidt-handschuhe.com\/de\/q-a-touch-of-summer-summertime-for-the-moment-arabella#breadcrumb","itemListElement":[{"@type":"ListItem","position":1,"name":"Startseite","item":"https:\/\/schmidt-handschuhe.com\/de"},{"@type":"ListItem","position":2,"name":"q-a touch of summer-summertime-for the moment-arabella"}]},{"@type":"WebSite","@id":"https:\/\/schmidt-handschuhe.com\/de#website","url":"https:\/\/schmidt-handschuhe.com\/de","name":"haukeschmidt","description":"Made to be different","publisher":{"@id":"https:\/\/schmidt-handschuhe.com\/de#organization"},"potentialAction":[{"@type":"SearchAction","target":{"@type":"EntryPoint","urlTemplate":"https:\/\/schmidt-handschuhe.com\/de?s={search_term_string}"},"query-input":"required name=search_term_string"}],"inLanguage":"de"},{"@type":"Organization","@id":"https:\/\/schmidt-handschuhe.com\/de#organization","name":"haukeschmidt","url":"https:\/\/schmidt-handschuhe.com\/de","logo":{"@type":"ImageObject","inLanguage":"de","@id":"https:\/\/schmidt-handschuhe.com\/de#\/schema\/logo\/image\/","url":"https:\/\/schmidt-handschuhe.com\/wp-content\/uploads\/2021\/12\/haukeschmidt_Logo_komplett.png","contentUrl":"https:\/\/schmidt-handschuhe.com\/wp-content\/uploads\/2021\/12\/haukeschmidt_Logo_komplett.png","width":529,"height":99,"caption":"haukeschmidt"},"image":{"@id":"https:\/\/schmidt-handschuhe.com\/de#\/schema\/logo\/image\/"}},{"@type":"Person","@id":"https:\/\/schmidt-handschuhe.com\/de#\/schema\/person\/3bc9688442dcd6802f2bad1fac62012c","name":"knell","image":{"@type":"ImageObject","inLanguage":"de","@id":"https:\/\/schmidt-handschuhe.com\/de#\/schema\/person\/image\/","url":"https:\/\/secure.gravatar.com\/avatar\/1f1f4db6984d5aa2684672026c9d320f?s=96&d=mm&r=g","contentUrl":"https:\/\/secure.gravatar.com\/avatar\/1f1f4db6984d5aa2684672026c9d320f?s=96&d=mm&r=g","caption":"knell"},"sameAs":["https:\/\/schmidt-handschuhe.com"],"url":"https:\/\/schmidt-handschuhe.com\/de\/author\/knell"}]}},"_links":{"self":[{"href":"https:\/\/schmidt-handschuhe.com\/de\/wp-json\/wp\/v2\/pages\/5401"}],"collection":[{"href":"https:\/\/schmidt-handschuhe.com\/de\/wp-json\/wp\/v2\/pages"}],"about":[{"href":"https:\/\/schmidt-handschuhe.com\/de\/wp-json\/wp\/v2\/types\/page"}],"author":[{"embeddable":true,"href":"https:\/\/schmidt-handschuhe.com\/de\/wp-json\/wp\/v2\/users\/1"}],"replies":[{"embeddable":true,"href":"https:\/\/schmidt-handschuhe.com\/de\/wp-json\/wp\/v2\/comments?post=5401"}],"version-history":[{"count":0,"href":"https:\/\/schmidt-handschuhe.com\/de\/wp-json\/wp\/v2\/pages\/5401\/revisions"}],"wp:attachment":[{"href":"https:\/\/schmidt-handschuhe.com\/de\/wp-json\/wp\/v2\/media?parent=5401"}],"curies":[{"name":"wp","href":"https:\/\/api.w.org\/{rel}","templated":true}]}}