{"id":3579,"date":"2020-09-22T15:58:30","date_gmt":"2020-09-22T15:58:30","guid":{"rendered":"https:\/\/test-kc.de\/kontakt"},"modified":"2021-12-16T18:50:01","modified_gmt":"2021-12-16T17:50:01","slug":"kontakt","status":"publish","type":"page","link":"https:\/\/schmidt-handschuhe.com\/de\/kontakt","title":{"rendered":"Kontakt"},"content":{"rendered":"<p>[et_pb_section fb_built=&#8220;1&#8243; admin_label=&#8220;Contact&#8220; _builder_version=&#8220;4.7.6&#8243; custom_padding=&#8220;0px|0px|0px|0px&#8220; global_colors_info=&#8220;{}&#8220;][et_pb_row column_structure=&#8220;1_2,1_2&#8243; use_custom_gutter=&#8220;on&#8220; gutter_width=&#8220;1&#8243; make_equal=&#8220;on&#8220; admin_label=&#8220;Contact Row&#8220; module_class=&#8220; et_pb_row_fullwidth&#8220; _builder_version=&#8220;4.7.6&#8243; background_color=&#8220;#2a324b&#8220; width=&#8220;100%&#8220; width_tablet=&#8220;100%&#8220; width_phone=&#8220;&#8220; width_last_edited=&#8220;on|desktop&#8220; max_width=&#8220;100%&#8220; max_width_tablet=&#8220;100%&#8220; max_width_phone=&#8220;&#8220; max_width_last_edited=&#8220;on|desktop&#8220; custom_padding=&#8220;0px|0px|0px|0px&#8220; make_fullwidth=&#8220;on&#8220; global_colors_info=&#8220;{}&#8220;][et_pb_column type=&#8220;1_2&#8243; _builder_version=&#8220;4.7.6&#8243; use_background_color_gradient=&#8220;on&#8220; background_color_gradient_start=&#8220;rgba(0,0,0,0)&#8220; background_color_gradient_end=&#8220;#ffffff&#8220; background_color_gradient_direction=&#8220;270deg&#8220; background_color_gradient_start_position=&#8220;50%&#8220; background_color_gradient_end_position=&#8220;50%&#8220; custom_padding=&#8220;|||&#8220; global_colors_info=&#8220;{}&#8220; custom_padding__hover=&#8220;|||&#8220;][et_pb_image src=&#8220;https:\/\/schmidt-handschuhe.com\/wp-content\/uploads\/2020\/11\/ATOS-and-catalog-scaled.jpg&#8220; title_text=&#8220;ATOS und Katalog&#8220; _builder_version=&#8220;4.7.6&#8243; _module_preset=&#8220;default&#8220; global_colors_info=&#8220;{}&#8220;][\/et_pb_image][\/et_pb_column][et_pb_column type=&#8220;1_2&#8243; _builder_version=&#8220;4.7.6&#8243; custom_padding=&#8220;|||&#8220; global_colors_info=&#8220;{}&#8220; custom_padding__hover=&#8220;|||&#8220;][et_pb_contact_form use_spam_service=&#8220;on&#8220; recaptcha_list=&#8220;Your-Gloves-0&#8243; email=&#8220;info@schmidt-handschuhe.de&#8220; title=&#8220;Kontaktiere uns&#8220; custom_message=&#8220;From: %%Name%% &#8211; %%Email%%||et_pb_line_break_holder||||et_pb_line_break_holder||Message:||et_pb_line_break_holder||%%Message%%&#8220; success_message=&#8220;Vielen Dank f\u00fcr deine Nachricht. Wir werden uns in K\u00fcrze bei dir melden&#8220; module_id=&#8220;et_pb_contact_form_0&#8243; _builder_version=&#8220;4.14.2&#8243; _unique_id=&#8220;60ec1fdd-7ca0-4c2a-96e2-66108aec8fab&#8220; form_field_background_color=&#8220;rgba(255,255,255,0)&#8220; form_field_text_color=&#8220;rgba(255,255,255,0.4)&#8220; title_level=&#8220;h2&#8243; title_font=&#8220;Yeseva One||||||||&#8220; title_text_color=&#8220;#ffffff&#8220; title_font_size=&#8220;45px&#8220; title_line_height=&#8220;1.3em&#8220; form_field_font=&#8220;Montserrat|600|||||||&#8220; form_field_font_size=&#8220;14px&#8220; custom_button=&#8220;on&#8220; button_text_size=&#8220;16px&#8220; button_text_color=&#8220;#2f3854&#8243; button_bg_color=&#8220;#ffffff&#8220; button_border_width=&#8220;10px&#8220; button_border_color=&#8220;rgba(255,255,255,0)&#8220; button_border_radius=&#8220;15px&#8220; button_letter_spacing=&#8220;1px&#8220; button_font=&#8220;Montserrat|700||on|||||&#8220; button_use_icon=&#8220;off&#8220; max_width=&#8220;560px&#8220; max_width_tablet=&#8220;&#8220; max_width_phone=&#8220;&#8220; max_width_last_edited=&#8220;on|desktop&#8220; custom_margin=&#8220;100px||||false|false&#8220; custom_padding=&#8220;40px|40px|20px|40px|false|false&#8220; border_width_all=&#8220;2px&#8220; border_color_all=&#8220;rgba(255,255,255,0.3)&#8220; form_background_color=&#8220;rgba(255,255,255,0)&#8220; global_colors_info=&#8220;{}&#8220; button_text_color_hover=&#8220;#2f3854&#8243; button_bg_color_hover=&#8220;rgba(255,255,255,0.9)&#8220; button_border_radius_hover=&#8220;76px&#8220; button_letter_spacing_hover=&#8220;1px&#8220;][et_pb_contact_field field_id=&#8220;Name&#8220; field_title=&#8220;Name&#8220; _builder_version=&#8220;3.16&#8243; global_colors_info=&#8220;{}&#8220; button_text_size__hover_enabled=&#8220;off&#8220; button_one_text_size__hover_enabled=&#8220;off&#8220; button_two_text_size__hover_enabled=&#8220;off&#8220; button_text_color__hover_enabled=&#8220;off&#8220; button_one_text_color__hover_enabled=&#8220;off&#8220; button_two_text_color__hover_enabled=&#8220;off&#8220; button_border_width__hover_enabled=&#8220;off&#8220; button_one_border_width__hover_enabled=&#8220;off&#8220; button_two_border_width__hover_enabled=&#8220;off&#8220; button_border_color__hover_enabled=&#8220;off&#8220; button_one_border_color__hover_enabled=&#8220;off&#8220; button_two_border_color__hover_enabled=&#8220;off&#8220; button_border_radius__hover_enabled=&#8220;off&#8220; button_one_border_radius__hover_enabled=&#8220;off&#8220; button_two_border_radius__hover_enabled=&#8220;off&#8220; button_letter_spacing__hover_enabled=&#8220;off&#8220; button_one_letter_spacing__hover_enabled=&#8220;off&#8220; button_two_letter_spacing__hover_enabled=&#8220;off&#8220; button_bg_color__hover_enabled=&#8220;off&#8220; button_one_bg_color__hover_enabled=&#8220;off&#8220; button_two_bg_color__hover_enabled=&#8220;off&#8220;][\/et_pb_contact_field][et_pb_contact_field field_id=&#8220;Email&#8220; field_title=&#8220;Email Addresse&#8220; field_type=&#8220;email&#8220; _builder_version=&#8220;3.16&#8243; global_colors_info=&#8220;{}&#8220; button_text_size__hover_enabled=&#8220;off&#8220; button_one_text_size__hover_enabled=&#8220;off&#8220; button_two_text_size__hover_enabled=&#8220;off&#8220; button_text_color__hover_enabled=&#8220;off&#8220; button_one_text_color__hover_enabled=&#8220;off&#8220; button_two_text_color__hover_enabled=&#8220;off&#8220; button_border_width__hover_enabled=&#8220;off&#8220; button_one_border_width__hover_enabled=&#8220;off&#8220; button_two_border_width__hover_enabled=&#8220;off&#8220; button_border_color__hover_enabled=&#8220;off&#8220; button_one_border_color__hover_enabled=&#8220;off&#8220; button_two_border_color__hover_enabled=&#8220;off&#8220; button_border_radius__hover_enabled=&#8220;off&#8220; button_one_border_radius__hover_enabled=&#8220;off&#8220; button_two_border_radius__hover_enabled=&#8220;off&#8220; button_letter_spacing__hover_enabled=&#8220;off&#8220; button_one_letter_spacing__hover_enabled=&#8220;off&#8220; button_two_letter_spacing__hover_enabled=&#8220;off&#8220; button_bg_color__hover_enabled=&#8220;off&#8220; button_one_bg_color__hover_enabled=&#8220;off&#8220; button_two_bg_color__hover_enabled=&#8220;off&#8220;][\/et_pb_contact_field][et_pb_contact_field field_id=&#8220;Message&#8220; field_title=&#8220;Nachricht&#8220; field_type=&#8220;text&#8220; fullwidth_field=&#8220;on&#8220; _builder_version=&#8220;3.16&#8243; global_colors_info=&#8220;{}&#8220; button_text_size__hover_enabled=&#8220;off&#8220; button_one_text_size__hover_enabled=&#8220;off&#8220; button_two_text_size__hover_enabled=&#8220;off&#8220; button_text_color__hover_enabled=&#8220;off&#8220; button_one_text_color__hover_enabled=&#8220;off&#8220; button_two_text_color__hover_enabled=&#8220;off&#8220; button_border_width__hover_enabled=&#8220;off&#8220; button_one_border_width__hover_enabled=&#8220;off&#8220; button_two_border_width__hover_enabled=&#8220;off&#8220; button_border_color__hover_enabled=&#8220;off&#8220; button_one_border_color__hover_enabled=&#8220;off&#8220; button_two_border_color__hover_enabled=&#8220;off&#8220; button_border_radius__hover_enabled=&#8220;off&#8220; button_one_border_radius__hover_enabled=&#8220;off&#8220; button_two_border_radius__hover_enabled=&#8220;off&#8220; button_letter_spacing__hover_enabled=&#8220;off&#8220; button_one_letter_spacing__hover_enabled=&#8220;off&#8220; button_two_letter_spacing__hover_enabled=&#8220;off&#8220; button_bg_color__hover_enabled=&#8220;off&#8220; button_one_bg_color__hover_enabled=&#8220;off&#8220; button_two_bg_color__hover_enabled=&#8220;off&#8220;][\/et_pb_contact_field][\/et_pb_contact_form][et_pb_text _builder_version=&#8220;4.14.2&#8243; _module_preset=&#8220;default&#8220; custom_margin=&#8220;0px||||false|false&#8220; custom_padding=&#8220;0px|||40px|false|false&#8220; hover_enabled=&#8220;0&#8243; global_colors_info=&#8220;{}&#8220; sticky_enabled=&#8220;0&#8243;]<\/p>\n<p>Wenn du dich f\u00fcr ein Sponsoring bewerben m\u00f6chtest, bitte nutze <span style=\"text-decoration: underline;color: #999999\"><a href=\"https:\/\/schmidt-handschuhe.com\/de\/sponsoring\" style=\"color: #999999;text-decoration: underline\">dieses Kontaktformular<\/a>.<\/span><br \/>Nur so k\u00f6nnen wir deine Sponsoring Anfrage verarbeiten.<\/p>\n<p>[\/et_pb_text][\/et_pb_column][\/et_pb_row][\/et_pb_section][et_pb_section fb_built=&#8220;1&#8243; admin_label=&#8220;Contact Info&#8220; _builder_version=&#8220;3.22&#8243; global_colors_info=&#8220;{}&#8220;][et_pb_row column_structure=&#8220;1_4,1_4,1_4,1_4&#8243; disabled_on=&#8220;on|on|off&#8220; _builder_version=&#8220;4.7.7&#8243; global_colors_info=&#8220;{}&#8220;][et_pb_column type=&#8220;1_4&#8243; _builder_version=&#8220;3.25&#8243; custom_padding=&#8220;|||&#8220; global_colors_info=&#8220;{}&#8220; custom_padding__hover=&#8220;|||&#8220;][et_pb_wc_description _builder_version=&#8220;4.7.7&#8243; _module_preset=&#8220;default&#8220; global_colors_info=&#8220;{}&#8220;][\/et_pb_wc_description][\/et_pb_column][et_pb_column type=&#8220;1_4&#8243; _builder_version=&#8220;3.25&#8243; custom_padding=&#8220;|||&#8220; global_colors_info=&#8220;{}&#8220; custom_padding__hover=&#8220;|||&#8220;][et_pb_blurb title=&#8220;Telefon&#8220; image_icon_width=&#8220;70px&#8220; _builder_version=&#8220;4.14.2&#8243; header_font=&#8220;Montserrat|700|||||||&#8220; header_text_color=&#8220;#2f3854&#8243; header_font_size=&#8220;20px&#8220; header_line_height=&#8220;1.4em&#8220; body_font=&#8220;Montserrat|500|||||||&#8220; body_text_color=&#8220;rgba(47,56,84,0.5)&#8220; body_font_size=&#8220;16px&#8220; animation_style=&#8220;zoom&#8220; animation_direction=&#8220;bottom&#8220; animation_delay=&#8220;100ms&#8220; animation_intensity_zoom=&#8220;10%&#8220; image_max_width=&#8220;70px&#8220; global_colors_info=&#8220;{}&#8220;]<\/p>\n<p>+49 (0)7125-9 67 34 11<\/p>\n<p>[\/et_pb_blurb][\/et_pb_column][et_pb_column type=&#8220;1_4&#8243; _builder_version=&#8220;3.25&#8243; custom_padding=&#8220;|||&#8220; global_colors_info=&#8220;{}&#8220; custom_padding__hover=&#8220;|||&#8220;][et_pb_blurb title=&#8220;Email&#8220; image_icon_width=&#8220;70px&#8220; _builder_version=&#8220;4.14.2&#8243; header_font=&#8220;Montserrat|700|||||||&#8220; header_text_color=&#8220;#2f3854&#8243; header_font_size=&#8220;20px&#8220; header_line_height=&#8220;1.4em&#8220; body_font=&#8220;Montserrat|500|||||||&#8220; body_text_color=&#8220;rgba(47,56,84,0.5)&#8220; body_font_size=&#8220;16px&#8220; animation_style=&#8220;zoom&#8220; animation_direction=&#8220;bottom&#8220; animation_delay=&#8220;200ms&#8220; animation_intensity_zoom=&#8220;10%&#8220; image_max_width=&#8220;70px&#8220; global_colors_info=&#8220;{}&#8220;]<\/p>\n<p>info@schmidt-handschuhe.de<\/p>\n<p>[\/et_pb_blurb][\/et_pb_column][et_pb_column type=&#8220;1_4&#8243; _builder_version=&#8220;4.7.7&#8243; custom_padding=&#8220;|||&#8220; global_colors_info=&#8220;{}&#8220; custom_padding__hover=&#8220;|||&#8220;][et_pb_blurb title=&#8220;\u00d6ffnungszeiten&#8220; image_icon_width=&#8220;70px&#8220; _builder_version=&#8220;4.14.2&#8243; header_font=&#8220;Montserrat|700|||||||&#8220; header_text_color=&#8220;#2f3854&#8243; header_font_size=&#8220;20px&#8220; header_line_height=&#8220;1.4em&#8220; body_font=&#8220;Montserrat|500|||||||&#8220; body_text_color=&#8220;rgba(47,56,84,0.5)&#8220; body_font_size=&#8220;16px&#8220; animation_style=&#8220;zoom&#8220; animation_direction=&#8220;bottom&#8220; animation_delay=&#8220;300ms&#8220; animation_intensity_zoom=&#8220;10%&#8220; image_max_width=&#8220;70px&#8220; global_colors_info=&#8220;{}&#8220;]<\/p>\n<p><strong>Montag &#8211; Freitag<\/strong><\/p>\n<p>9:00 &#8211; 17:00 Uhr<\/p>\n<p>[\/et_pb_blurb][\/et_pb_column][\/et_pb_row][et_pb_row disabled_on=&#8220;off|off|on&#8220; _builder_version=&#8220;4.7.7&#8243; global_colors_info=&#8220;{}&#8220;][et_pb_column type=&#8220;4_4&#8243; _builder_version=&#8220;3.25&#8243; custom_padding=&#8220;|||&#8220; global_colors_info=&#8220;{}&#8220; custom_padding__hover=&#8220;|||&#8220;][et_pb_wc_description _builder_version=&#8220;4.7.7&#8243; _module_preset=&#8220;default&#8220; global_colors_info=&#8220;{}&#8220;][\/et_pb_wc_description][et_pb_blurb title=&#8220;Telefon&#8220; image_icon_width=&#8220;70px&#8220; _builder_version=&#8220;4.14.2&#8243; header_font=&#8220;Montserrat|700|||||||&#8220; header_text_color=&#8220;#2f3854&#8243; header_font_size=&#8220;20px&#8220; header_line_height=&#8220;1.4em&#8220; body_font=&#8220;Montserrat|500|||||||&#8220; body_text_color=&#8220;rgba(47,56,84,0.5)&#8220; body_font_size=&#8220;16px&#8220; animation_style=&#8220;zoom&#8220; animation_direction=&#8220;bottom&#8220; animation_delay=&#8220;100ms&#8220; animation_intensity_zoom=&#8220;10%&#8220; image_max_width=&#8220;70px&#8220; global_colors_info=&#8220;{}&#8220;]<\/p>\n<p>+49 (0)7125-9 67 34 11<\/p>\n<p>[\/et_pb_blurb][et_pb_blurb title=&#8220;Email&#8220; image_icon_width=&#8220;70px&#8220; _builder_version=&#8220;4.14.2&#8243; header_font=&#8220;Montserrat|700|||||||&#8220; header_text_color=&#8220;#2f3854&#8243; header_font_size=&#8220;20px&#8220; header_line_height=&#8220;1.4em&#8220; body_font=&#8220;Montserrat|500|||||||&#8220; body_text_color=&#8220;rgba(47,56,84,0.5)&#8220; body_font_size=&#8220;16px&#8220; animation_style=&#8220;zoom&#8220; animation_direction=&#8220;bottom&#8220; animation_delay=&#8220;200ms&#8220; animation_intensity_zoom=&#8220;10%&#8220; image_max_width=&#8220;70px&#8220; global_colors_info=&#8220;{}&#8220;]<\/p>\n<p>info@schmidt-handschuhe.de<\/p>\n<p>[\/et_pb_blurb][et_pb_blurb title=&#8220;\u00d6ffnungszeiten&#8220; image_icon_width=&#8220;70px&#8220; _builder_version=&#8220;4.14.2&#8243; header_font=&#8220;Montserrat|700|||||||&#8220; header_text_color=&#8220;#2f3854&#8243; header_font_size=&#8220;20px&#8220; header_line_height=&#8220;1.4em&#8220; body_font=&#8220;Montserrat|500|||||||&#8220; body_text_color=&#8220;rgba(47,56,84,0.5)&#8220; body_font_size=&#8220;16px&#8220; animation_style=&#8220;zoom&#8220; animation_direction=&#8220;bottom&#8220; animation_delay=&#8220;300ms&#8220; animation_intensity_zoom=&#8220;10%&#8220; image_max_width=&#8220;70px&#8220; global_colors_info=&#8220;{}&#8220;]<\/p>\n<p><strong>Montag &#8211; Freitag<\/strong><\/p>\n<p>9:00 &#8211; 17:00 Uhr<\/p>\n<p>[\/et_pb_blurb][\/et_pb_column][\/et_pb_row][\/et_pb_section]<\/p>\n","protected":false},"excerpt":{"rendered":"<p>Wenn du dich f\u00fcr ein Sponsoring bewerben m\u00f6chtest, bitte nutze dieses Kontaktformular.Nur so k\u00f6nnen wir deine Sponsoring Anfrage verarbeiten.+49 (0)7125-9 67 34 11info@schmidt-handschuhe.deMontag &#8211; Freitag 9:00 &#8211; 17:00 Uhr+49 (0)7125-9 67 34 11info@schmidt-handschuhe.deMontag &#8211; Freitag 9:00 &#8211; 17:00 Uhr<\/p>\n","protected":false},"author":1,"featured_media":0,"parent":0,"menu_order":0,"comment_status":"closed","ping_status":"closed","template":"","meta":{"_et_pb_use_builder":"on","_et_pb_old_content":"","_et_gb_content_width":"","footnotes":""},"yoast_head":"<!-- This site is optimized with the Yoast SEO plugin v23.2 - https:\/\/yoast.com\/wordpress\/plugins\/seo\/ -->\n<title>haukeschmidt |<\/title>\n<meta name=\"robots\" content=\"index, follow, max-snippet:-1, max-image-preview:large, max-video-preview:-1\" \/>\n<link rel=\"canonical\" href=\"https:\/\/schmidt-handschuhe.com\/de\/kontakt\" \/>\n<meta property=\"og:locale\" content=\"de_DE\" \/>\n<meta property=\"og:type\" content=\"article\" \/>\n<meta property=\"og:title\" content=\"haukeschmidt |\" \/>\n<meta property=\"og:description\" content=\"Wenn du dich f\u00fcr ein Sponsoring bewerben m\u00f6chtest, bitte nutze dieses Kontaktformular.Nur so k\u00f6nnen wir deine Sponsoring Anfrage verarbeiten.+49 (0)7125-9 67 34 11info@schmidt-handschuhe.deMontag - Freitag 9:00 - 17:00 Uhr+49 (0)7125-9 67 34 11info@schmidt-handschuhe.deMontag - Freitag 9:00 - 17:00 Uhr\" \/>\n<meta property=\"og:url\" content=\"https:\/\/schmidt-handschuhe.com\/de\/kontakt\" \/>\n<meta property=\"og:site_name\" content=\"haukeschmidt\" \/>\n<meta property=\"article:modified_time\" content=\"2021-12-16T17:50:01+00:00\" \/>\n<meta name=\"twitter:card\" content=\"summary_large_image\" \/>\n<meta name=\"twitter:label1\" content=\"Gesch\u00e4tzte Lesezeit\" \/>\n\t<meta name=\"twitter:data1\" content=\"7\u00a0Minuten\" \/>\n<script type=\"application\/ld+json\" class=\"yoast-schema-graph\">{\"@context\":\"https:\/\/schema.org\",\"@graph\":[{\"@type\":\"Article\",\"@id\":\"https:\/\/schmidt-handschuhe.com\/de\/kontakt#article\",\"isPartOf\":{\"@id\":\"https:\/\/schmidt-handschuhe.com\/de\/kontakt\"},\"author\":{\"name\":\"knell\",\"@id\":\"https:\/\/schmidt-handschuhe.com\/de#\/schema\/person\/3bc9688442dcd6802f2bad1fac62012c\"},\"headline\":\"Kontakt\",\"datePublished\":\"2020-09-22T15:58:30+00:00\",\"dateModified\":\"2021-12-16T17:50:01+00:00\",\"mainEntityOfPage\":{\"@id\":\"https:\/\/schmidt-handschuhe.com\/de\/kontakt\"},\"wordCount\":1484,\"publisher\":{\"@id\":\"https:\/\/schmidt-handschuhe.com\/de#organization\"},\"inLanguage\":\"de\"},{\"@type\":\"WebPage\",\"@id\":\"https:\/\/schmidt-handschuhe.com\/de\/kontakt\",\"url\":\"https:\/\/schmidt-handschuhe.com\/de\/kontakt\",\"name\":\"haukeschmidt |\",\"isPartOf\":{\"@id\":\"https:\/\/schmidt-handschuhe.com\/de#website\"},\"datePublished\":\"2020-09-22T15:58:30+00:00\",\"dateModified\":\"2021-12-16T17:50:01+00:00\",\"breadcrumb\":{\"@id\":\"https:\/\/schmidt-handschuhe.com\/de\/kontakt#breadcrumb\"},\"inLanguage\":\"de\",\"potentialAction\":[{\"@type\":\"ReadAction\",\"target\":[\"https:\/\/schmidt-handschuhe.com\/de\/kontakt\"]}]},{\"@type\":\"BreadcrumbList\",\"@id\":\"https:\/\/schmidt-handschuhe.com\/de\/kontakt#breadcrumb\",\"itemListElement\":[{\"@type\":\"ListItem\",\"position\":1,\"name\":\"Startseite\",\"item\":\"https:\/\/schmidt-handschuhe.com\/de\"},{\"@type\":\"ListItem\",\"position\":2,\"name\":\"Kontakt\"}]},{\"@type\":\"WebSite\",\"@id\":\"https:\/\/schmidt-handschuhe.com\/de#website\",\"url\":\"https:\/\/schmidt-handschuhe.com\/de\",\"name\":\"haukeschmidt\",\"description\":\"Made to be different\",\"publisher\":{\"@id\":\"https:\/\/schmidt-handschuhe.com\/de#organization\"},\"potentialAction\":[{\"@type\":\"SearchAction\",\"target\":{\"@type\":\"EntryPoint\",\"urlTemplate\":\"https:\/\/schmidt-handschuhe.com\/de?s={search_term_string}\"},\"query-input\":\"required name=search_term_string\"}],\"inLanguage\":\"de\"},{\"@type\":\"Organization\",\"@id\":\"https:\/\/schmidt-handschuhe.com\/de#organization\",\"name\":\"haukeschmidt\",\"url\":\"https:\/\/schmidt-handschuhe.com\/de\",\"logo\":{\"@type\":\"ImageObject\",\"inLanguage\":\"de\",\"@id\":\"https:\/\/schmidt-handschuhe.com\/de#\/schema\/logo\/image\/\",\"url\":\"https:\/\/schmidt-handschuhe.com\/wp-content\/uploads\/2021\/12\/haukeschmidt_Logo_komplett.png\",\"contentUrl\":\"https:\/\/schmidt-handschuhe.com\/wp-content\/uploads\/2021\/12\/haukeschmidt_Logo_komplett.png\",\"width\":529,\"height\":99,\"caption\":\"haukeschmidt\"},\"image\":{\"@id\":\"https:\/\/schmidt-handschuhe.com\/de#\/schema\/logo\/image\/\"}},{\"@type\":\"Person\",\"@id\":\"https:\/\/schmidt-handschuhe.com\/de#\/schema\/person\/3bc9688442dcd6802f2bad1fac62012c\",\"name\":\"knell\",\"image\":{\"@type\":\"ImageObject\",\"inLanguage\":\"de\",\"@id\":\"https:\/\/schmidt-handschuhe.com\/de#\/schema\/person\/image\/\",\"url\":\"https:\/\/secure.gravatar.com\/avatar\/1f1f4db6984d5aa2684672026c9d320f?s=96&d=mm&r=g\",\"contentUrl\":\"https:\/\/secure.gravatar.com\/avatar\/1f1f4db6984d5aa2684672026c9d320f?s=96&d=mm&r=g\",\"caption\":\"knell\"},\"sameAs\":[\"https:\/\/schmidt-handschuhe.com\"],\"url\":\"https:\/\/schmidt-handschuhe.com\/de\/author\/knell\"}]}<\/script>\n<!-- \/ Yoast SEO plugin. -->","yoast_head_json":{"title":"haukeschmidt |","robots":{"index":"index","follow":"follow","max-snippet":"max-snippet:-1","max-image-preview":"max-image-preview:large","max-video-preview":"max-video-preview:-1"},"canonical":"https:\/\/schmidt-handschuhe.com\/de\/kontakt","og_locale":"de_DE","og_type":"article","og_title":"haukeschmidt |","og_description":"Wenn du dich f\u00fcr ein Sponsoring bewerben m\u00f6chtest, bitte nutze dieses Kontaktformular.Nur so k\u00f6nnen wir deine Sponsoring Anfrage verarbeiten.+49 (0)7125-9 67 34 11info@schmidt-handschuhe.deMontag - Freitag 9:00 - 17:00 Uhr+49 (0)7125-9 67 34 11info@schmidt-handschuhe.deMontag - Freitag 9:00 - 17:00 Uhr","og_url":"https:\/\/schmidt-handschuhe.com\/de\/kontakt","og_site_name":"haukeschmidt","article_modified_time":"2021-12-16T17:50:01+00:00","twitter_card":"summary_large_image","twitter_misc":{"Gesch\u00e4tzte Lesezeit":"7\u00a0Minuten"},"schema":{"@context":"https:\/\/schema.org","@graph":[{"@type":"Article","@id":"https:\/\/schmidt-handschuhe.com\/de\/kontakt#article","isPartOf":{"@id":"https:\/\/schmidt-handschuhe.com\/de\/kontakt"},"author":{"name":"knell","@id":"https:\/\/schmidt-handschuhe.com\/de#\/schema\/person\/3bc9688442dcd6802f2bad1fac62012c"},"headline":"Kontakt","datePublished":"2020-09-22T15:58:30+00:00","dateModified":"2021-12-16T17:50:01+00:00","mainEntityOfPage":{"@id":"https:\/\/schmidt-handschuhe.com\/de\/kontakt"},"wordCount":1484,"publisher":{"@id":"https:\/\/schmidt-handschuhe.com\/de#organization"},"inLanguage":"de"},{"@type":"WebPage","@id":"https:\/\/schmidt-handschuhe.com\/de\/kontakt","url":"https:\/\/schmidt-handschuhe.com\/de\/kontakt","name":"haukeschmidt |","isPartOf":{"@id":"https:\/\/schmidt-handschuhe.com\/de#website"},"datePublished":"2020-09-22T15:58:30+00:00","dateModified":"2021-12-16T17:50:01+00:00","breadcrumb":{"@id":"https:\/\/schmidt-handschuhe.com\/de\/kontakt#breadcrumb"},"inLanguage":"de","potentialAction":[{"@type":"ReadAction","target":["https:\/\/schmidt-handschuhe.com\/de\/kontakt"]}]},{"@type":"BreadcrumbList","@id":"https:\/\/schmidt-handschuhe.com\/de\/kontakt#breadcrumb","itemListElement":[{"@type":"ListItem","position":1,"name":"Startseite","item":"https:\/\/schmidt-handschuhe.com\/de"},{"@type":"ListItem","position":2,"name":"Kontakt"}]},{"@type":"WebSite","@id":"https:\/\/schmidt-handschuhe.com\/de#website","url":"https:\/\/schmidt-handschuhe.com\/de","name":"haukeschmidt","description":"Made to be different","publisher":{"@id":"https:\/\/schmidt-handschuhe.com\/de#organization"},"potentialAction":[{"@type":"SearchAction","target":{"@type":"EntryPoint","urlTemplate":"https:\/\/schmidt-handschuhe.com\/de?s={search_term_string}"},"query-input":"required name=search_term_string"}],"inLanguage":"de"},{"@type":"Organization","@id":"https:\/\/schmidt-handschuhe.com\/de#organization","name":"haukeschmidt","url":"https:\/\/schmidt-handschuhe.com\/de","logo":{"@type":"ImageObject","inLanguage":"de","@id":"https:\/\/schmidt-handschuhe.com\/de#\/schema\/logo\/image\/","url":"https:\/\/schmidt-handschuhe.com\/wp-content\/uploads\/2021\/12\/haukeschmidt_Logo_komplett.png","contentUrl":"https:\/\/schmidt-handschuhe.com\/wp-content\/uploads\/2021\/12\/haukeschmidt_Logo_komplett.png","width":529,"height":99,"caption":"haukeschmidt"},"image":{"@id":"https:\/\/schmidt-handschuhe.com\/de#\/schema\/logo\/image\/"}},{"@type":"Person","@id":"https:\/\/schmidt-handschuhe.com\/de#\/schema\/person\/3bc9688442dcd6802f2bad1fac62012c","name":"knell","image":{"@type":"ImageObject","inLanguage":"de","@id":"https:\/\/schmidt-handschuhe.com\/de#\/schema\/person\/image\/","url":"https:\/\/secure.gravatar.com\/avatar\/1f1f4db6984d5aa2684672026c9d320f?s=96&d=mm&r=g","contentUrl":"https:\/\/secure.gravatar.com\/avatar\/1f1f4db6984d5aa2684672026c9d320f?s=96&d=mm&r=g","caption":"knell"},"sameAs":["https:\/\/schmidt-handschuhe.com"],"url":"https:\/\/schmidt-handschuhe.com\/de\/author\/knell"}]}},"_links":{"self":[{"href":"https:\/\/schmidt-handschuhe.com\/de\/wp-json\/wp\/v2\/pages\/3579"}],"collection":[{"href":"https:\/\/schmidt-handschuhe.com\/de\/wp-json\/wp\/v2\/pages"}],"about":[{"href":"https:\/\/schmidt-handschuhe.com\/de\/wp-json\/wp\/v2\/types\/page"}],"author":[{"embeddable":true,"href":"https:\/\/schmidt-handschuhe.com\/de\/wp-json\/wp\/v2\/users\/1"}],"replies":[{"embeddable":true,"href":"https:\/\/schmidt-handschuhe.com\/de\/wp-json\/wp\/v2\/comments?post=3579"}],"version-history":[{"count":12,"href":"https:\/\/schmidt-handschuhe.com\/de\/wp-json\/wp\/v2\/pages\/3579\/revisions"}],"predecessor-version":[{"id":7871,"href":"https:\/\/schmidt-handschuhe.com\/de\/wp-json\/wp\/v2\/pages\/3579\/revisions\/7871"}],"wp:attachment":[{"href":"https:\/\/schmidt-handschuhe.com\/de\/wp-json\/wp\/v2\/media?parent=3579"}],"curies":[{"name":"wp","href":"https:\/\/api.w.org\/{rel}","templated":true}]}}